{"id":65885,"date":"2023-09-28T23:15:37","date_gmt":"2023-09-28T21:15:37","guid":{"rendered":"https:\/\/panelsandwich.org\/painel-sanduiche-para-fachada-aco-corten\/"},"modified":"2024-05-06T17:18:27","modified_gmt":"2024-05-06T15:18:27","slug":"painel-sanduiche-para-fachada-aco-corten","status":"publish","type":"product","link":"https:\/\/panelsandwich.org\/pt-pt\/painel-sanduiche-para-fachada-aco-corten\/","title":{"rendered":"Painel Sandu\u00edche para Fachada &#8211; A\u00e7o Corten"},"content":{"rendered":"\t\t<div data-elementor-type=\"product-post\" data-elementor-id=\"65885\" class=\"elementor elementor-65885 elementor-33116\" data-elementor-post-type=\"product\">\n\t\t\t\t\t\t<section class=\"elementor-section elementor-top-section elementor-element elementor-element-7d769a60 elementor-section-boxed elementor-section-height-default elementor-section-height-default\" data-id=\"7d769a60\" data-element_type=\"section\" data-e-type=\"section\" data-settings=\"{&quot;jet_parallax_layout_list&quot;:[]}\">\n\t\t\t\t\t\t<div class=\"elementor-container elementor-column-gap-default\">\n\t\t\t\t\t<div class=\"elementor-column elementor-col-100 elementor-top-column elementor-element elementor-element-27698ddd\" data-id=\"27698ddd\" data-element_type=\"column\" data-e-type=\"column\">\n\t\t\t<div class=\"elementor-widget-wrap elementor-element-populated\">\n\t\t\t\t\t\t<div class=\"elementor-element elementor-element-51387baf elementor-widget elementor-widget-heading\" data-id=\"51387baf\" data-element_type=\"widget\" data-e-type=\"widget\" data-widget_type=\"heading.default\">\n\t\t\t\t<div class=\"elementor-widget-container\">\n\t\t\t\t\t<h2 class=\"elementor-heading-title elementor-size-default\"><h2>Parafuso interior de fachada de painel sandu\u00edche - Acabamento Corten\n<\/h2><\/h2>\t\t\t\t<\/div>\n\t\t\t\t<\/div>\n\t\t\t\t<div class=\"elementor-element elementor-element-1dadffcf elementor-widget elementor-widget-text-editor\" data-id=\"1dadffcf\" data-element_type=\"widget\" data-e-type=\"widget\" data-widget_type=\"text-editor.default\">\n\t\t\t\t<div class=\"elementor-widget-container\">\n\t\t\t\t\t\t\t\t\t<p>Painel isolante composto por duas chapas met\u00e1licas em perfis, unidas por um n\u00facleo isolante de espuma r\u00edgida de poliuretano (PUR) ou poliisocianurato (PIR).<\/p>\n<p>Painel sandu\u00edche produzido de acordo com a norma EN 14509 e sujeito a avalia\u00e7\u00e3o e verifica\u00e7\u00e3o da regularidade do desempenho de acordo com o sistema 1.<\/p>\n\t\t\t\t\t\t\t\t<\/div>\n\t\t\t\t<\/div>\n\t\t\t\t<div class=\"elementor-element elementor-element-5cdb0c8f elementor-tabs-view-horizontal elementor-widget elementor-widget-tabs\" data-id=\"5cdb0c8f\" data-element_type=\"widget\" data-e-type=\"widget\" data-widget_type=\"tabs.default\">\n\t\t\t\t<div class=\"elementor-widget-container\">\n\t\t\t\t\t\t\t<div class=\"elementor-tabs\">\n\t\t\t<div class=\"elementor-tabs-wrapper\" role=\"tablist\" >\n\t\t\t\t\t\t\t\t\t<div id=\"elementor-tab-title-1551\" class=\"elementor-tab-title elementor-tab-desktop-title\" aria-selected=\"true\" data-tab=\"1\" role=\"tab\" tabindex=\"0\" aria-controls=\"elementor-tab-content-1551\" aria-expanded=\"false\">Descri\u00e7\u00e3o\/Aplica\u00e7\u00e3o<\/div>\n\t\t\t\t\t\t\t\t\t<div id=\"elementor-tab-title-1552\" class=\"elementor-tab-title elementor-tab-desktop-title\" aria-selected=\"false\" data-tab=\"2\" role=\"tab\" tabindex=\"-1\" aria-controls=\"elementor-tab-content-1552\" aria-expanded=\"false\">Tabela de cargas<\/div>\n\t\t\t\t\t\t\t\t\t<div id=\"elementor-tab-title-1553\" class=\"elementor-tab-title elementor-tab-desktop-title\" aria-selected=\"false\" data-tab=\"3\" role=\"tab\" tabindex=\"-1\" aria-controls=\"elementor-tab-content-1553\" aria-expanded=\"false\">Cores dispon\u00edveis<\/div>\n\t\t\t\t\t\t\t\t\t<div id=\"elementor-tab-title-1554\" class=\"elementor-tab-title elementor-tab-desktop-title\" aria-selected=\"false\" data-tab=\"4\" role=\"tab\" tabindex=\"-1\" aria-controls=\"elementor-tab-content-1554\" aria-expanded=\"false\">Folhas de dados \/ Downloads<\/div>\n\t\t\t\t\t\t\t<\/div>\n\t\t\t<div class=\"elementor-tabs-content-wrapper\" role=\"tablist\" aria-orientation=\"vertical\">\n\t\t\t\t\t\t\t\t\t<div class=\"elementor-tab-title elementor-tab-mobile-title\" aria-selected=\"true\" data-tab=\"1\" role=\"tab\" tabindex=\"0\" aria-controls=\"elementor-tab-content-1551\" aria-expanded=\"false\">Descri\u00e7\u00e3o\/Aplica\u00e7\u00e3o<\/div>\n\t\t\t\t\t<div id=\"elementor-tab-content-1551\" class=\"elementor-tab-content elementor-clearfix\" data-tab=\"1\" role=\"tabpanel\" aria-labelledby=\"elementor-tab-title-1551\" tabindex=\"0\" hidden=\"false\"><h3><strong>Aplica-te:<\/strong><\/h3>\n<p>Fachadas de edif\u00edcios<\/p>\n<h3><strong>Tipo de uni\u00e3o:<\/strong><\/h3>\n<p>Uni\u00e3o: Parafuso oculto<\/p>\n<p>Parafusos: Parafuso sem anilha<\/p>\n<p><img fetchpriority=\"high\" decoding=\"async\" class=\" size-full wp-image-33110\" src=\"https:\/\/panelsandwich.org\/wp-content\/uploads\/2020\/04\/cms_union-fachada-oculto.png\" alt=\"|\" width=\"250\" height=\"250\" title=\"\" srcset=\"https:\/\/panelsandwich.org\/wp-content\/uploads\/2020\/04\/cms_union-fachada-oculto.png 378w, https:\/\/panelsandwich.org\/wp-content\/uploads\/2020\/04\/cms_union-fachada-oculto-100x100.png 100w, https:\/\/panelsandwich.org\/wp-content\/uploads\/2020\/04\/cms_union-fachada-oculto-300x300.png 300w, https:\/\/panelsandwich.org\/wp-content\/uploads\/2020\/04\/cms_union-fachada-oculto-150x150.png 150w\" sizes=\"(max-width: 250px) 100vw, 250px\" \/><\/p>\n<h3><strong>Dimens\u00f5es:<\/strong><\/h3>\n<p>Espessuras: 40-50-60-80-100 mm \u00b11 mm<\/p>\n<p>Largura: 1000 &#8211; 1080 mm \u00b12 mm<\/p>\n<p>Comprimento: 4,00 &#8211; 16,00 m \u00b110 mm<\/p>\n<h3><img decoding=\"async\" class=\"size-full wp-image-33111 lazyload\" data-src=\"https:\/\/panelsandwich.org\/wp-content\/uploads\/2020\/04\/cms_FACHADA-OCULTA_medidas.JPG\" alt=\"|\" width=\"100%\" title=\"\" data-srcset=\"https:\/\/panelsandwich.org\/wp-content\/uploads\/2020\/04\/cms_FACHADA-OCULTA_medidas.JPG 1254w, https:\/\/panelsandwich.org\/wp-content\/uploads\/2020\/04\/cms_FACHADA-OCULTA_medidas-300x122.jpg 300w, https:\/\/panelsandwich.org\/wp-content\/uploads\/2020\/04\/cms_FACHADA-OCULTA_medidas-1024x417.jpg 1024w, https:\/\/panelsandwich.org\/wp-content\/uploads\/2020\/04\/cms_FACHADA-OCULTA_medidas-768x313.jpg 768w, https:\/\/panelsandwich.org\/wp-content\/uploads\/2020\/04\/cms_FACHADA-OCULTA_medidas-600x244.jpg 600w\" data-sizes=\"(max-width: 1254px) 100vw, 1254px\" src=\"data:image\/svg+xml;base64,PHN2ZyB3aWR0aD0iMSIgaGVpZ2h0PSIxIiB4bWxucz0iaHR0cDovL3d3dy53My5vcmcvMjAwMC9zdmciPjwvc3ZnPg==\" style=\"--smush-placeholder-width: 1254px; --smush-placeholder-aspect-ratio: 1254\/511;\" \/><\/h3>\n<p><strong>Suporte met\u00e1lico:<\/strong><\/p>\n<p>N\u00facleo em chapa de a\u00e7o de qualidade S250GD: EN 10346<\/p>\n<p>Bobinas lacadas com revestimento org\u00e2nico: EN10169+A1<\/p>\n<p>Espessura: 0,4-0,5-0,6 mm<\/p>\n<h3><strong>N\u00facleo isolante:<\/strong><\/h3>\n<p>Poliuretano (PUR) | Poliisocianurato (PIR)<\/p>\n<p>Condutividade t\u00e9rmica: PUR: 0,022 W\/mK | PIR: 0,022 \/mK<\/p>\n<p>Densidade: 40 kg\/m3 \u00b110%.<\/p>\n<p>Rea\u00e7\u00e3o ao fogo: PUR: B-s2,d0 | PIR: B-s2,d0 | PIR-HI: B-1,d0<\/p>\n<p>Resist\u00eancia \u00e0 tra\u00e7\u00e3o das folhas (ader\u00eancia) &gt; 0,10 MPa<\/p>\n<p>Resist\u00eancia \u00e0 compress\u00e3o a 10% de deforma\u00e7\u00e3o 0,10 MPa<\/p>\n<h3><strong>Revestimento:<\/strong><\/h3>\n<p>Padr\u00e3o: tinta de poli\u00e9ster 25 \u00b5m<\/p>\n<p>Especiais: Granito HDX 55 \u00b5m | PVDF 35 m<\/p>\n<\/div>\n\t\t\t\t\t\t\t\t\t<div class=\"elementor-tab-title elementor-tab-mobile-title\" aria-selected=\"false\" data-tab=\"2\" role=\"tab\" tabindex=\"-1\" aria-controls=\"elementor-tab-content-1552\" aria-expanded=\"false\">Tabela de cargas<\/div>\n\t\t\t\t\t<div id=\"elementor-tab-content-1552\" class=\"elementor-tab-content elementor-clearfix\" data-tab=\"2\" role=\"tabpanel\" aria-labelledby=\"elementor-tab-title-1552\" tabindex=\"0\" hidden=\"hidden\"><h3><img decoding=\"async\" class=\"size-full wp-image-33112 lazyload\" data-src=\"https:\/\/panelsandwich.org\/wp-content\/uploads\/2020\/04\/cms_FACHADA-OCULTA_cargas1.JPG\" alt=\"|\" width=\"100%\" title=\"\" data-srcset=\"https:\/\/panelsandwich.org\/wp-content\/uploads\/2020\/04\/cms_FACHADA-OCULTA_cargas1.JPG 1179w, https:\/\/panelsandwich.org\/wp-content\/uploads\/2020\/04\/cms_FACHADA-OCULTA_cargas1-300x161.jpg 300w, https:\/\/panelsandwich.org\/wp-content\/uploads\/2020\/04\/cms_FACHADA-OCULTA_cargas1-1024x549.jpg 1024w, https:\/\/panelsandwich.org\/wp-content\/uploads\/2020\/04\/cms_FACHADA-OCULTA_cargas1-768x412.jpg 768w, https:\/\/panelsandwich.org\/wp-content\/uploads\/2020\/04\/cms_FACHADA-OCULTA_cargas1-600x322.jpg 600w\" data-sizes=\"(max-width: 1179px) 100vw, 1179px\" src=\"data:image\/svg+xml;base64,PHN2ZyB3aWR0aD0iMSIgaGVpZ2h0PSIxIiB4bWxucz0iaHR0cDovL3d3dy53My5vcmcvMjAwMC9zdmciPjwvc3ZnPg==\" style=\"--smush-placeholder-width: 1179px; --smush-placeholder-aspect-ratio: 1179\/632;\" \/><\/h3>\n<p><img decoding=\"async\" class=\"size-full wp-image-33113 lazyload\" data-src=\"https:\/\/panelsandwich.org\/wp-content\/uploads\/2020\/04\/cms_FACHADA-OCULTA_cargas2.JPG\" alt=\"|\" width=\"100%\" title=\"\" data-srcset=\"https:\/\/panelsandwich.org\/wp-content\/uploads\/2020\/04\/cms_FACHADA-OCULTA_cargas2.JPG 1167w, https:\/\/panelsandwich.org\/wp-content\/uploads\/2020\/04\/cms_FACHADA-OCULTA_cargas2-300x175.jpg 300w, https:\/\/panelsandwich.org\/wp-content\/uploads\/2020\/04\/cms_FACHADA-OCULTA_cargas2-1024x598.jpg 1024w, https:\/\/panelsandwich.org\/wp-content\/uploads\/2020\/04\/cms_FACHADA-OCULTA_cargas2-768x448.jpg 768w, https:\/\/panelsandwich.org\/wp-content\/uploads\/2020\/04\/cms_FACHADA-OCULTA_cargas2-600x350.jpg 600w\" data-sizes=\"(max-width: 1167px) 100vw, 1167px\" src=\"data:image\/svg+xml;base64,PHN2ZyB3aWR0aD0iMSIgaGVpZ2h0PSIxIiB4bWxucz0iaHR0cDovL3d3dy53My5vcmcvMjAwMC9zdmciPjwvc3ZnPg==\" style=\"--smush-placeholder-width: 1167px; --smush-placeholder-aspect-ratio: 1167\/681;\" \/><\/p>\n<p><img decoding=\"async\" class=\"size-full wp-image-33114 lazyload\" data-src=\"https:\/\/panelsandwich.org\/wp-content\/uploads\/2020\/04\/cms_FACHADA-OCULTA_cargas3.JPG\" alt=\"|\" width=\"100%\" title=\"\" data-srcset=\"https:\/\/panelsandwich.org\/wp-content\/uploads\/2020\/04\/cms_FACHADA-OCULTA_cargas3.JPG 1171w, https:\/\/panelsandwich.org\/wp-content\/uploads\/2020\/04\/cms_FACHADA-OCULTA_cargas3-300x79.jpg 300w, https:\/\/panelsandwich.org\/wp-content\/uploads\/2020\/04\/cms_FACHADA-OCULTA_cargas3-1024x271.jpg 1024w, https:\/\/panelsandwich.org\/wp-content\/uploads\/2020\/04\/cms_FACHADA-OCULTA_cargas3-768x203.jpg 768w, https:\/\/panelsandwich.org\/wp-content\/uploads\/2020\/04\/cms_FACHADA-OCULTA_cargas3-600x159.jpg 600w\" data-sizes=\"(max-width: 1171px) 100vw, 1171px\" src=\"data:image\/svg+xml;base64,PHN2ZyB3aWR0aD0iMSIgaGVpZ2h0PSIxIiB4bWxucz0iaHR0cDovL3d3dy53My5vcmcvMjAwMC9zdmciPjwvc3ZnPg==\" style=\"--smush-placeholder-width: 1171px; --smush-placeholder-aspect-ratio: 1171\/310;\" \/><\/p>\n<\/div>\n\t\t\t\t\t\t\t\t\t<div class=\"elementor-tab-title elementor-tab-mobile-title\" aria-selected=\"false\" data-tab=\"3\" role=\"tab\" tabindex=\"-1\" aria-controls=\"elementor-tab-content-1553\" aria-expanded=\"false\">Cores dispon\u00edveis<\/div>\n\t\t\t\t\t<div id=\"elementor-tab-content-1553\" class=\"elementor-tab-content elementor-clearfix\" data-tab=\"3\" role=\"tabpanel\" aria-labelledby=\"elementor-tab-title-1553\" tabindex=\"0\" hidden=\"hidden\"><h3>Gama de cores<\/h3>\n<p>As cores apresentadas no cat\u00e1logo correspondem aos nossos padr\u00f5es de forma t\u00e3o exacta quanto poss\u00edvel. No entanto, as pequenas altera\u00e7\u00f5es s\u00e3o inevit\u00e1veis, raz\u00e3o pela qual recomendamos que efectues sempre um teste de cor numa amostra real.<img decoding=\"async\" class=\"size-full wp-image-33115 lazyload\" data-src=\"https:\/\/panelsandwich.org\/wp-content\/uploads\/2020\/04\/cms_FACHADA-OCULTA_colores.JPG\" alt=\"|\" width=\"100%\" title=\"\" data-srcset=\"https:\/\/panelsandwich.org\/wp-content\/uploads\/2020\/04\/cms_FACHADA-OCULTA_colores.JPG 782w, https:\/\/panelsandwich.org\/wp-content\/uploads\/2020\/04\/cms_FACHADA-OCULTA_colores-300x293.jpg 300w, https:\/\/panelsandwich.org\/wp-content\/uploads\/2020\/04\/cms_FACHADA-OCULTA_colores-768x751.jpg 768w, https:\/\/panelsandwich.org\/wp-content\/uploads\/2020\/04\/cms_FACHADA-OCULTA_colores-600x587.jpg 600w\" data-sizes=\"(max-width: 782px) 100vw, 782px\" src=\"data:image\/svg+xml;base64,PHN2ZyB3aWR0aD0iMSIgaGVpZ2h0PSIxIiB4bWxucz0iaHR0cDovL3d3dy53My5vcmcvMjAwMC9zdmciPjwvc3ZnPg==\" style=\"--smush-placeholder-width: 782px; --smush-placeholder-aspect-ratio: 782\/765;\" \/><\/p>\n<\/div>\n\t\t\t\t\t\t\t\t\t<div class=\"elementor-tab-title elementor-tab-mobile-title\" aria-selected=\"false\" data-tab=\"4\" role=\"tab\" tabindex=\"-1\" aria-controls=\"elementor-tab-content-1554\" aria-expanded=\"false\">Folhas de dados \/ Downloads<\/div>\n\t\t\t\t\t<div id=\"elementor-tab-content-1554\" class=\"elementor-tab-content elementor-clearfix\" data-tab=\"4\" role=\"tabpanel\" aria-labelledby=\"elementor-tab-title-1554\" tabindex=\"0\" hidden=\"hidden\"><p><a href=\"https:\/\/panelsandwich.org\/wp-content\/uploads\/2023\/11\/PanelSandwich-Fachada-Oculta-Ficha-Tecnica.pdf\" target=\"_blank\" rel=\"noopener\"><button style=\"background-color: #ffa300; border-color: black; color: white;\" spellcheck=\"false\" data-lt-tmp-id=\"lt-827558\" data-gramm=\"false\">Descarrega a ficha t\u00e9cnica<\/button><\/a><\/p>\n<\/div>\n\t\t\t\t\t\t\t<\/div>\n\t\t<\/div>\n\t\t\t\t\t\t<\/div>\n\t\t\t\t<\/div>\n\t\t\t\t\t<\/div>\n\t\t<\/div>\n\t\t\t\t\t<\/div>\n\t\t<\/section>\n\t\t\t\t<\/div>\n\t\t","protected":false},"excerpt":{"rendered":"<p>PFAXCO- Painel sandu\u00edche para fachada A\u00e7o Corten<\/p>\n<p style=\"text-align: center;\"><strong><span style=\"font-size: medium;\"><a class=\"w-100 btn btn-danger btn-lg\" href=\"https:\/\/panelsandwich.org\/contactenos\">SOLICITA PRE\u00c7OS E INFORMA\u00c7\u00d5ES T\u00c9CNICAS  <i class=\"caret-right\"><\/i><\/a><\/span><\/strong><\/p>\n","protected":false},"featured_media":35082,"comment_status":"closed","ping_status":"closed","template":"","meta":[],"product_brand":[],"product_cat":[3752],"product_tag":[3763,3774,3755,3756,3764,3765,3766,3758,3816,3818,3787,3817,3754,3769,3761,3773,3796],"class_list":{"0":"post-65885","1":"product","2":"type-product","3":"status-publish","4":"has-post-thumbnail","6":"product_cat-fachada-de-painel-sanduiche","7":"product_tag-agropanel-pt-pt-2","8":"product_tag-claraboias","9":"product_tag-cobre","10":"product_tag-fachada-pt-pt","11":"product_tag-fazendas","12":"product_tag-frigorifico-pt-pt","13":"product_tag-la-de-rocha","14":"product_tag-ocasiao","15":"product_tag-paineis-de-fachada","16":"product_tag-paineis-de-fachada-de-casas","17":"product_tag-paineis-para-armarios","18":"product_tag-paineis-para-pavilhoes","19":"product_tag-painel-de-azulejos","20":"product_tag-painel-de-madeira","21":"product_tag-preco-pt-pt","22":"product_tag-remateria-pt-pt-2","23":"product_tag-sanduiche-de-anel","24":"pa_colorexterior-chapa-de-metal-corten","25":"pa_colorinterior-branco-pirineu-ral-9010","26":"pa_espesorespuma-100-mm-pt-pt","27":"pa_espesorespuma-40-mm-pt-pt","28":"pa_espesorespuma-50-mm-pt-pt-3","29":"pa_espesorespuma-60-mm-pt-pt-2","30":"pa_espesorespuma-80-mm-pt-pt","31":"pa_tipoaislamiento-espuma-de-poliuretano-c-s3-d0","32":"pa_tipoaislamiento-espuma-pir-b-s2-d0-pt-pt","33":"pa_tipoaislamiento-espuma-pir-hi-b-s1-d0-pt-pt","35":"first","36":"outofstock","37":"taxable","38":"shipping-taxable","39":"purchasable","40":"product-type-variable","41":"has-default-attributes"},"_links":{"self":[{"href":"https:\/\/panelsandwich.org\/pt-pt\/wp-json\/wp\/v2\/product\/65885","targetHints":{"allow":["GET"]}}],"collection":[{"href":"https:\/\/panelsandwich.org\/pt-pt\/wp-json\/wp\/v2\/product"}],"about":[{"href":"https:\/\/panelsandwich.org\/pt-pt\/wp-json\/wp\/v2\/types\/product"}],"replies":[{"embeddable":true,"href":"https:\/\/panelsandwich.org\/pt-pt\/wp-json\/wp\/v2\/comments?post=65885"}],"version-history":[{"count":0,"href":"https:\/\/panelsandwich.org\/pt-pt\/wp-json\/wp\/v2\/product\/65885\/revisions"}],"wp:featuredmedia":[{"embeddable":true,"href":"https:\/\/panelsandwich.org\/pt-pt\/wp-json\/wp\/v2\/media\/35082"}],"wp:attachment":[{"href":"https:\/\/panelsandwich.org\/pt-pt\/wp-json\/wp\/v2\/media?parent=65885"}],"wp:term":[{"taxonomy":"product_brand","embeddable":true,"href":"https:\/\/panelsandwich.org\/pt-pt\/wp-json\/wp\/v2\/product_brand?post=65885"},{"taxonomy":"product_cat","embeddable":true,"href":"https:\/\/panelsandwich.org\/pt-pt\/wp-json\/wp\/v2\/product_cat?post=65885"},{"taxonomy":"product_tag","embeddable":true,"href":"https:\/\/panelsandwich.org\/pt-pt\/wp-json\/wp\/v2\/product_tag?post=65885"}],"curies":[{"name":"wp","href":"https:\/\/api.w.org\/{rel}","templated":true}]}}