{"id":65967,"date":"2023-09-28T23:15:38","date_gmt":"2023-09-28T21:15:38","guid":{"rendered":"https:\/\/panelsandwich.org\/metal-belt-estrutural-grand-omega\/"},"modified":"2023-09-28T23:15:38","modified_gmt":"2023-09-28T21:15:38","slug":"metal-belt-estrutural-grand-omega","status":"publish","type":"product","link":"https:\/\/panelsandwich.org\/pt-pt\/metal-belt-estrutural-grand-omega\/","title":{"rendered":"Metal Belt &#8211; Estrutural Grand Omega"},"content":{"rendered":"<h2>Descreve:<\/h2>\n<p>Este produto \u00e9 o culminar de 2 anos de investiga\u00e7\u00e3o e desenvolvimento em busca de uma solu\u00e7\u00e3o. O resultado \u00e9 a sec\u00e7\u00e3o de perfil de a\u00e7o leve mais econ\u00f3mica e mais resistente dispon\u00edvel no mercado. Este perfil inovador, da fam\u00edlia omegas, permite redu\u00e7\u00f5es de peso significativas, em compara\u00e7\u00e3o com as solu\u00e7\u00f5es mais avan\u00e7adas do mercado, para o mesmo n\u00edvel de desempenho estrutural.<\/p>\n<p>Os perfis s\u00e3o obtidos por enforma\u00e7\u00e3o a frio, o que permite uma elevada taxa de produ\u00e7\u00e3o, bem como uma elevada precis\u00e3o dimensional. Produzidos numa linha de perfilagem cont\u00ednua, os perfis s\u00e3o feitos \u00e0 medida e com diferentes padr\u00f5es de perfura\u00e7\u00e3o que facilitam o processo de montagem atrav\u00e9s da possibilidade de liga\u00e7\u00f5es aparafusadas.<\/p>\n<p style=\"text-align:center;\"><strong><span style=\"font-size:medium;\"><a class=\"w-100 btn btn-danger btn-lg\" href=\"https:\/\/panelsandwich.org\/contactenos\">SOLICITA PRE\u00c7OS E INFORMA\u00c7\u00d5ES T\u00c9CNICAS  <i class=\"caret-right\"><\/i><\/a><\/span><\/strong><\/p>\n<h2>Aplica\u00e7\u00f5es:<\/h2>\n<p>A versatilidade do Superomega\u00ae permite uma ampla aplicabilidade a diferentes tipos de estruturas, bem como a adapta\u00e7\u00e3o a quase todos os tipos de materiais. Este perfil pode ser aplicado a:<\/p>\n<ul style=\"list-style-type:circle;\">\n<li>Estrutura secund\u00e1ria para telhados e fachadas Suporte para telhados e fachadas<\/li>\n<li>Divis\u00f3rias internas<\/li>\n<li>Estruturas de mezzanine e de pisos interm\u00e9dios<\/li>\n<li>Cobertura ligeira em LS<\/li>\n<li>Suportes para sistemas de pain\u00e9is fotovoltaicos<\/li>\n<\/ul>\n<h2>Principais diferen\u00e7as em rela\u00e7\u00e3o a outras solu\u00e7\u00f5es no mercado:<\/h2>\n<ul style=\"list-style-type:circle;\">\n<li>Maior poupan\u00e7a de material versus desempenho estrutural<\/li>\n<li>Perfil optimizado para o transporte em contentores<\/li>\n<li>Possibilidade de definir uma liga\u00e7\u00e3o de continuidade na zona de apoio ou fora do apoio<\/li>\n<li>Perfura\u00e7\u00e3o adaptada \u00e0 aplica\u00e7\u00e3o<\/li>\n<li>Possibilidade de perfura\u00e7\u00e3o cont\u00ednua<\/li>\n<li>Geometria futurista e esteticamente atractiva.<\/li>\n<\/ul>\n<p style=\"text-align:left;\"><strong><span style=\"font-size:medium;\">Medi\u00e7\u00f5es:<\/span><\/strong><\/p>\n<p>A gama \u00e9 constitu\u00edda por 5 perfis de sec\u00e7\u00e3o transversal do tipo \u03a9, com alturas que variam entre 80 e 250 mm e espessuras que variam entre 1,0 e 3,0 mm.<\/p>\n<p><img decoding=\"async\" class=\"size-full wp-image-33036 lazyload\" data-src=\"https:\/\/painel-sandwich.com\/wp-content\/uploads\/2019\/12\/cms_GRANOMEGA_medidas.JPG\" alt=\"|\" width=\"100%\" title=\"\" data-srcset=\"https:\/\/panelsandwich.org\/wp-content\/uploads\/2019\/12\/cms_GRANOMEGA_medidas.JPG 1560w, https:\/\/panelsandwich.org\/wp-content\/uploads\/2019\/12\/cms_GRANOMEGA_medidas-300x59.jpg 300w, https:\/\/panelsandwich.org\/wp-content\/uploads\/2019\/12\/cms_GRANOMEGA_medidas-1024x202.jpg 1024w, https:\/\/panelsandwich.org\/wp-content\/uploads\/2019\/12\/cms_GRANOMEGA_medidas-768x151.jpg 768w, https:\/\/panelsandwich.org\/wp-content\/uploads\/2019\/12\/cms_GRANOMEGA_medidas-1536x302.jpg 1536w, https:\/\/panelsandwich.org\/wp-content\/uploads\/2019\/12\/cms_GRANOMEGA_medidas-600x118.jpg 600w\" data-sizes=\"(max-width: 1560px) 100vw, 1560px\" src=\"data:image\/svg+xml;base64,PHN2ZyB3aWR0aD0iMSIgaGVpZ2h0PSIxIiB4bWxucz0iaHR0cDovL3d3dy53My5vcmcvMjAwMC9zdmciPjwvc3ZnPg==\" \/><\/p>\n<p><img decoding=\"async\" class=\"size-full wp-image-33037 lazyload\" data-src=\"https:\/\/painel-sandwich.com\/wp-content\/uploads\/2019\/12\/cms_GRANOMEGA_seccion.JPG\" alt=\"|\" width=\"100%\" title=\"\" data-srcset=\"https:\/\/panelsandwich.org\/wp-content\/uploads\/2019\/12\/cms_GRANOMEGA_seccion.JPG 1551w, https:\/\/panelsandwich.org\/wp-content\/uploads\/2019\/12\/cms_GRANOMEGA_seccion-300x166.jpg 300w, https:\/\/panelsandwich.org\/wp-content\/uploads\/2019\/12\/cms_GRANOMEGA_seccion-1024x567.jpg 1024w, https:\/\/panelsandwich.org\/wp-content\/uploads\/2019\/12\/cms_GRANOMEGA_seccion-768x425.jpg 768w, https:\/\/panelsandwich.org\/wp-content\/uploads\/2019\/12\/cms_GRANOMEGA_seccion-1536x851.jpg 1536w, https:\/\/panelsandwich.org\/wp-content\/uploads\/2019\/12\/cms_GRANOMEGA_seccion-600x332.jpg 600w\" data-sizes=\"(max-width: 1551px) 100vw, 1551px\" src=\"data:image\/svg+xml;base64,PHN2ZyB3aWR0aD0iMSIgaGVpZ2h0PSIxIiB4bWxucz0iaHR0cDovL3d3dy53My5vcmcvMjAwMC9zdmciPjwvc3ZnPg==\" \/><\/p>\n<h2>Qualidade dos materiais:<\/h2>\n<p>O SuperOmega \u00e9 produzido em 2 tipos de a\u00e7o estrutural pr\u00e9-galvanizado: S280GD e S350GD em chapa pr\u00e9-galvanizada ou Magnelis de acordo com a norma EN 10346. Opcionalmente, este produto pode ser fornecido com outro tipo de acabamento superficial, nomeadamente com laca RAL a definir. Condi\u00e7\u00f5es de entrega a pedido.<\/p>\n<p><img decoding=\"async\" class=\"size-full wp-image-33038 lazyload\" data-src=\"https:\/\/painel-sandwich.com\/wp-content\/uploads\/2019\/12\/cms_GRANOMEGA_clase-de-acero.JPG\" alt=\"|\" width=\"100%\" title=\"\" data-srcset=\"https:\/\/panelsandwich.org\/wp-content\/uploads\/2019\/12\/cms_GRANOMEGA_clase-de-acero.JPG 1544w, https:\/\/panelsandwich.org\/wp-content\/uploads\/2019\/12\/cms_GRANOMEGA_clase-de-acero-300x143.jpg 300w, https:\/\/panelsandwich.org\/wp-content\/uploads\/2019\/12\/cms_GRANOMEGA_clase-de-acero-1024x487.jpg 1024w, https:\/\/panelsandwich.org\/wp-content\/uploads\/2019\/12\/cms_GRANOMEGA_clase-de-acero-768x366.jpg 768w, https:\/\/panelsandwich.org\/wp-content\/uploads\/2019\/12\/cms_GRANOMEGA_clase-de-acero-1536x731.jpg 1536w, https:\/\/panelsandwich.org\/wp-content\/uploads\/2019\/12\/cms_GRANOMEGA_clase-de-acero-600x286.jpg 600w\" data-sizes=\"(max-width: 1544px) 100vw, 1544px\" src=\"data:image\/svg+xml;base64,PHN2ZyB3aWR0aD0iMSIgaGVpZ2h0PSIxIiB4bWxucz0iaHR0cDovL3d3dy53My5vcmcvMjAwMC9zdmciPjwvc3ZnPg==\" \/><\/p>\n<\/p>\n<h2>Padr\u00f5es de perfura\u00e7\u00e3o:<\/h2>\n<p>Padr\u00f5es de perfura\u00e7\u00e3o superomega\u00ae pode ser fornecido sem perfura\u00e7\u00e3o ou com 2 padr\u00f5es de perfura\u00e7\u00e3o diferentes, dependendo das necessidades do projeto e como explicado abaixo.<\/p>\n<p>Padr\u00e3o A &#8211; Perfura\u00e7\u00e3o personalizada Perfura\u00e7\u00e3o \u00d814 para parafuso M10 &#8211; classe 8.8 nos flanges inferiores da sec\u00e7\u00e3o e na parte superior das almas, definida com base nos requisitos do projeto. Normalmente, esta perfura\u00e7\u00e3o ser\u00e1 definida nos apoios e nas zonas de sobreposi\u00e7\u00e3o para garantir a transmiss\u00e3o de for\u00e7as de continuidade.<\/p>\n<p>A perfura\u00e7\u00e3o \u00e9 efectuada em blocos de 5 furos separados por 50 mm. A dist\u00e2ncia entre a extremidade do perfil e o eixo da primeira coluna de furos pode ser fixada entre 25-30- 35-40-45-50 mm.<img decoding=\"async\" class=\"size-full wp-image-33039 lazyload\" data-src=\"https:\/\/painel-sandwich.com\/wp-content\/uploads\/2019\/12\/cms_GRANOMEGA_perforacion.JPG\" alt=\"|\" width=\"100%\" title=\"\" data-srcset=\"https:\/\/panelsandwich.org\/wp-content\/uploads\/2019\/12\/cms_GRANOMEGA_perforacion.JPG 1562w, https:\/\/panelsandwich.org\/wp-content\/uploads\/2019\/12\/cms_GRANOMEGA_perforacion-300x154.jpg 300w, https:\/\/panelsandwich.org\/wp-content\/uploads\/2019\/12\/cms_GRANOMEGA_perforacion-1024x524.jpg 1024w, https:\/\/panelsandwich.org\/wp-content\/uploads\/2019\/12\/cms_GRANOMEGA_perforacion-768x393.jpg 768w, https:\/\/panelsandwich.org\/wp-content\/uploads\/2019\/12\/cms_GRANOMEGA_perforacion-1536x787.jpg 1536w, https:\/\/panelsandwich.org\/wp-content\/uploads\/2019\/12\/cms_GRANOMEGA_perforacion-600x307.jpg 600w\" data-sizes=\"(max-width: 1562px) 100vw, 1562px\" src=\"data:image\/svg+xml;base64,PHN2ZyB3aWR0aD0iMSIgaGVpZ2h0PSIxIiB4bWxucz0iaHR0cDovL3d3dy53My5vcmcvMjAwMC9zdmciPjwvc3ZnPg==\" \/><\/p>\n<p style=\"text-align:center;\"><strong><span style=\"font-size:medium;\"><a class=\"w-100 btn btn-danger btn-lg\" href=\"https:\/\/panelsandwich.org\/contactenos\">SOLICITA PRE\u00c7OS E INFORMA\u00c7\u00d5ES T\u00c9CNICAS  <i class=\"caret-right\"><\/i><\/a><\/span><\/strong><\/p>\n","protected":false},"excerpt":{"rendered":"<p>Este produto \u00e9 o culminar de 2 anos de investiga\u00e7\u00e3o e desenvolvimento em busca de uma solu\u00e7\u00e3o. O resultado \u00e9 a sec\u00e7\u00e3o de perfil de a\u00e7o leve mais econ\u00f3mica e mais resistente dispon\u00edvel no mercado. Este perfil inovador, da fam\u00edlia omegas, permite redu\u00e7\u00f5es de peso significativas, em compara\u00e7\u00e3o com as solu\u00e7\u00f5es mais avan\u00e7adas do mercado, para o mesmo n\u00edvel de desempenho estrutural.<\/p>\n<p style=\"text-align:center;\"><strong><span style=\"font-size:medium;\"><a class=\"w-100 btn btn-danger btn-lg\" href=\"https:\/\/panelsandwich.org\/contactenos\">SOLICITA PRE\u00c7OS E INFORMA\u00c7\u00d5ES T\u00c9CNICAS  <i class=\"caret-right\"><\/i><\/a><\/span><\/strong><\/p>\n","protected":false},"featured_media":33035,"comment_status":"open","ping_status":"closed","template":"","meta":[],"product_brand":[],"product_cat":[3869],"product_tag":[3885,3883,3949],"class_list":{"0":"post-65967","1":"product","2":"type-product","3":"status-publish","4":"has-post-thumbnail","6":"product_cat-correias-de-aco-estrutural","7":"product_tag-conchas-metalicas","8":"product_tag-ejioes","9":"product_tag-granomega-pt-pt","11":"first","12":"outofstock","13":"taxable","14":"shipping-taxable","15":"purchasable","16":"product-type-simple"},"_links":{"self":[{"href":"https:\/\/panelsandwich.org\/pt-pt\/wp-json\/wp\/v2\/product\/65967","targetHints":{"allow":["GET"]}}],"collection":[{"href":"https:\/\/panelsandwich.org\/pt-pt\/wp-json\/wp\/v2\/product"}],"about":[{"href":"https:\/\/panelsandwich.org\/pt-pt\/wp-json\/wp\/v2\/types\/product"}],"replies":[{"embeddable":true,"href":"https:\/\/panelsandwich.org\/pt-pt\/wp-json\/wp\/v2\/comments?post=65967"}],"version-history":[{"count":0,"href":"https:\/\/panelsandwich.org\/pt-pt\/wp-json\/wp\/v2\/product\/65967\/revisions"}],"wp:featuredmedia":[{"embeddable":true,"href":"https:\/\/panelsandwich.org\/pt-pt\/wp-json\/wp\/v2\/media\/33035"}],"wp:attachment":[{"href":"https:\/\/panelsandwich.org\/pt-pt\/wp-json\/wp\/v2\/media?parent=65967"}],"wp:term":[{"taxonomy":"product_brand","embeddable":true,"href":"https:\/\/panelsandwich.org\/pt-pt\/wp-json\/wp\/v2\/product_brand?post=65967"},{"taxonomy":"product_cat","embeddable":true,"href":"https:\/\/panelsandwich.org\/pt-pt\/wp-json\/wp\/v2\/product_cat?post=65967"},{"taxonomy":"product_tag","embeddable":true,"href":"https:\/\/panelsandwich.org\/pt-pt\/wp-json\/wp\/v2\/product_tag?post=65967"}],"curies":[{"name":"wp","href":"https:\/\/api.w.org\/{rel}","templated":true}]}}