{"id":66093,"date":"2023-09-28T23:15:40","date_gmt":"2023-09-28T21:15:40","guid":{"rendered":"https:\/\/panelsandwich.org\/painel-sanduiche-para-fachada-imitacao-de-pedra\/"},"modified":"2023-09-28T23:15:40","modified_gmt":"2023-09-28T21:15:40","slug":"painel-sanduiche-para-fachada-imitacao-de-pedra","status":"publish","type":"product","link":"https:\/\/panelsandwich.org\/pt-pt\/painel-sanduiche-para-fachada-imitacao-de-pedra\/","title":{"rendered":"Painel Sandu\u00edche para Fachada &#8211; Imita\u00e7\u00e3o de Pedra"},"content":{"rendered":"<h2>Painel Sandu\u00edche para Fachada Imita\u00e7\u00e3o de Pedra Parafuso Exterior<\/h2>\n<p>Painel isolante composto por duas chapas met\u00e1licas em perfis, unidas por um n\u00facleo isolante de espuma r\u00edgida de poliuretano (PUR) ou poliisocianurato (PIR). Painel produzido em conformidade com a norma EN 14509 e sujeito a avalia\u00e7\u00e3o e verifica\u00e7\u00e3o da regularidade do desempenho em conformidade com o sistema 1.<\/p>\n<h3><strong>Aplica-te:<\/strong><\/h3>\n<p>Paredes, pr\u00e9-fabricadas, constru\u00e7\u00e3o modular, fachadas com fixa\u00e7\u00e3o vis\u00edvel.<\/p>\n<h3><strong>Tipo de uni\u00e3o:<\/strong><\/h3>\n<p>Uni\u00e3o: Parafuso Visto<\/p>\n<p>Parafusos: Parafuso com anilha<\/p>\n<h3><strong>Dimens\u00f5es:<\/strong><\/h3>\n<p>Espessuras: 30-40-50-60-80-100 mm \u00b11 mm<\/p>\n<p>Largura \u00fatil: 1000 mm \u00b11 mm<\/p>\n<p>Comprimento: 4,00 &#8211; 18,00 m \u00b110 mm<\/p>\n<h3><strong>Suporte met\u00e1lico:<\/strong><\/h3>\n<p>N\u00facleo em chapa de a\u00e7o de qualidade S250GD: EN 10346<\/p>\n<p>Bobinas lacadas com revestimento org\u00e2nico: EN 10169+A1<\/p>\n<p>Espessuras: Painel com nervuras 0,4\/0,4 mm | Painel liso: 0,5\/0,4 mm<\/p>\n<h3><strong>N\u00facleo isolante:<\/strong><\/h3>\n<p>Poliuretano (PUR) | Poliisocianurato (PIR)<\/p>\n<p>Condutividade t\u00e9rmica: PUR: 0,022 W\/mK | PIR: 0,022 \/mK<\/p>\n<p>Densidade: 40 kg\/m3 \u00b110%.<\/p>\n<p>Rea\u00e7\u00e3o ao fogo: PUR: B-s2,d0 | PIR: B-s2,d0 | PIR-HI: B-1,d0<\/p>\n<p>Resist\u00eancia \u00e0 tra\u00e7\u00e3o das folhas (ader\u00eancia) &gt; 0,10 MPa<\/p>\n<p>Resist\u00eancia \u00e0 compress\u00e3o a 10% de deforma\u00e7\u00e3o 0,10 MPa<\/p>\n<h3><strong>Revestimento:<\/strong><\/h3>\n<p>Padr\u00e3o: tinta de poli\u00e9ster 25 \u00b5m<\/p>\n<p>Especiais: Granito HDX 55 \u00b5m | PVDF 35 m<\/p>\n<h3>Gama de cores<\/h3>\n<p>As cores apresentadas no cat\u00e1logo correspondem aos nossos padr\u00f5es de forma t\u00e3o exacta quanto poss\u00edvel. No entanto, as pequenas altera\u00e7\u00f5es s\u00e3o inevit\u00e1veis, raz\u00e3o pela qual recomendamos que efectues sempre um teste de cor numa amostra real.<\/p>\n","protected":false},"excerpt":{"rendered":"<p>PSL- Painel Sandu\u00edche de Fachada. Sectoriza\u00e7\u00e3o Brick<\/p>\n","protected":false},"featured_media":66111,"comment_status":"closed","ping_status":"closed","template":"","meta":[],"product_brand":[],"product_cat":[3752],"product_tag":[3763,3755,3778,3756,3764,3765,3766,3758,3775,3787,3754,3784,3769,3781,3753,3761,3773,3757],"class_list":{"0":"post-66093","1":"product","2":"type-product","3":"status-publish","4":"has-post-thumbnail","6":"product_cat-fachada-de-painel-sanduiche","7":"product_tag-agropanel-pt-pt-2","8":"product_tag-cobre","9":"product_tag-estrutura-de-claraboias-metal","10":"product_tag-fachada-pt-pt","11":"product_tag-fazendas","12":"product_tag-frigorifico-pt-pt","13":"product_tag-la-de-rocha","14":"product_tag-ocasiao","15":"product_tag-paineis-em-sanduiche","16":"product_tag-paineis-para-armarios","17":"product_tag-painel-de-azulejos","18":"product_tag-painel-de-fachada","19":"product_tag-painel-de-madeira","20":"product_tag-painel-de-parede","21":"product_tag-painel-sanduiche","22":"product_tag-preco-pt-pt","23":"product_tag-remateria-pt-pt-2","24":"product_tag-sem-parafusos","25":"pa_anchodelpanel-largura-1-metro","26":"pa_colorexterior-imitacao-de-pedra","27":"pa_colorinterior-branco-ral-9010-riscas","28":"pa_espesordelachapa-ext-05-int-04-mm-pt-pt","29":"pa_espesorespuma-30-mm-pt-pt-2","30":"pa_espesorespuma-40-mm-pt-pt","31":"pa_medidas-metros-quadrados-m2","32":"pa_situacion-a-pedido","34":"first","35":"outofstock","36":"taxable","37":"shipping-taxable","38":"purchasable","39":"product-type-variable","40":"has-default-attributes"},"_links":{"self":[{"href":"https:\/\/panelsandwich.org\/pt-pt\/wp-json\/wp\/v2\/product\/66093","targetHints":{"allow":["GET"]}}],"collection":[{"href":"https:\/\/panelsandwich.org\/pt-pt\/wp-json\/wp\/v2\/product"}],"about":[{"href":"https:\/\/panelsandwich.org\/pt-pt\/wp-json\/wp\/v2\/types\/product"}],"replies":[{"embeddable":true,"href":"https:\/\/panelsandwich.org\/pt-pt\/wp-json\/wp\/v2\/comments?post=66093"}],"version-history":[{"count":0,"href":"https:\/\/panelsandwich.org\/pt-pt\/wp-json\/wp\/v2\/product\/66093\/revisions"}],"wp:featuredmedia":[{"embeddable":true,"href":"https:\/\/panelsandwich.org\/pt-pt\/wp-json\/wp\/v2\/media\/66111"}],"wp:attachment":[{"href":"https:\/\/panelsandwich.org\/pt-pt\/wp-json\/wp\/v2\/media?parent=66093"}],"wp:term":[{"taxonomy":"product_brand","embeddable":true,"href":"https:\/\/panelsandwich.org\/pt-pt\/wp-json\/wp\/v2\/product_brand?post=66093"},{"taxonomy":"product_cat","embeddable":true,"href":"https:\/\/panelsandwich.org\/pt-pt\/wp-json\/wp\/v2\/product_cat?post=66093"},{"taxonomy":"product_tag","embeddable":true,"href":"https:\/\/panelsandwich.org\/pt-pt\/wp-json\/wp\/v2\/product_tag?post=66093"}],"curies":[{"name":"wp","href":"https:\/\/api.w.org\/{rel}","templated":true}]}}