{"id":66100,"date":"2023-09-28T23:15:35","date_gmt":"2023-09-28T21:15:35","guid":{"rendered":"https:\/\/panelsandwich.org\/acessorio-de-montagem-claraboia-fixa\/"},"modified":"2023-09-28T23:15:35","modified_gmt":"2023-09-28T21:15:35","slug":"acessorio-de-montagem-claraboia-fixa","status":"publish","type":"product","link":"https:\/\/panelsandwich.org\/pt-pt\/acessorio-de-montagem-claraboia-fixa\/","title":{"rendered":"Acess\u00f3rio de montagem &#8211; Claraboia fixa"},"content":{"rendered":"<p>Claraboia fixa com c\u00fapula e saia em metacrilato, com rodap\u00e9 em poli\u00e9ster refor\u00e7ado. Produto para ilumina\u00e7\u00e3o natural.<\/p>\n<p><img decoding=\"async\" class=\"size-full wp-image-33323 lazyload\" data-src=\"https:\/\/painel-sandwich.com\/wp-content\/uploads\/2022\/08\/cms_CLARABOYAS_Captura-Captura.JPG.JPG\" width=\"100%\" alt=\"Captura.JPG\" title=\"\" data-srcset=\"https:\/\/panelsandwich.org\/wp-content\/uploads\/2022\/08\/cms_CLARABOYAS_Captura-Captura.JPG.JPG 936w, https:\/\/panelsandwich.org\/wp-content\/uploads\/2022\/08\/cms_CLARABOYAS_Captura-Captura.JPG-300x141.jpg 300w, https:\/\/panelsandwich.org\/wp-content\/uploads\/2022\/08\/cms_CLARABOYAS_Captura-Captura.JPG-768x361.jpg 768w, https:\/\/panelsandwich.org\/wp-content\/uploads\/2022\/08\/cms_CLARABOYAS_Captura-Captura.JPG-600x282.jpg 600w\" data-sizes=\"(max-width: 936px) 100vw, 936px\" src=\"data:image\/svg+xml;base64,PHN2ZyB3aWR0aD0iMSIgaGVpZ2h0PSIxIiB4bWxucz0iaHR0cDovL3d3dy53My5vcmcvMjAwMC9zdmciPjwvc3ZnPg==\" \/><\/p>\n<p style=\"text-align:center;\"><strong><span style=\"font-size:medium;\"><a class=\"w-100 btn btn-danger btn-lg\" href=\"https:\/\/panelsandwich.org\/contactenos\">SOLICITA PRE\u00c7OS E INFORMA\u00c7\u00d5ES T\u00c9CNICAS  <i class=\"caret-right\"><\/i><\/a><\/span><\/strong><\/p>\n","protected":false},"excerpt":{"rendered":"<p>Claraboia fixa com c\u00fapula e saia em metacrilato, com rodap\u00e9 em poli\u00e9ster refor\u00e7ado. Produto para ilumina\u00e7\u00e3o natural.<\/p>\n<p style=\"text-align:center;\"><strong><span style=\"font-size:medium;\"><a class=\"w-100 btn btn-danger btn-lg\" href=\"https:\/\/panelsandwich.org\/contactenos\">SOLICITA PRE\u00c7OS E INFORMA\u00c7\u00d5ES T\u00c9CNICAS<\/a><\/span><\/strong><\/p>\n","protected":false},"featured_media":33322,"comment_status":"open","ping_status":"closed","template":"","meta":[],"product_brand":[],"product_cat":[3714,3922],"product_tag":[],"class_list":{"0":"post-66100","1":"product","2":"type-product","3":"status-publish","4":"has-post-thumbnail","6":"product_cat-acessorios-para-montagem-de-paineis-sanduiche","7":"product_cat-aeradores-e-claraboias","9":"first","10":"outofstock","11":"taxable","12":"shipping-taxable","13":"purchasable","14":"product-type-simple"},"_links":{"self":[{"href":"https:\/\/panelsandwich.org\/pt-pt\/wp-json\/wp\/v2\/product\/66100","targetHints":{"allow":["GET"]}}],"collection":[{"href":"https:\/\/panelsandwich.org\/pt-pt\/wp-json\/wp\/v2\/product"}],"about":[{"href":"https:\/\/panelsandwich.org\/pt-pt\/wp-json\/wp\/v2\/types\/product"}],"replies":[{"embeddable":true,"href":"https:\/\/panelsandwich.org\/pt-pt\/wp-json\/wp\/v2\/comments?post=66100"}],"version-history":[{"count":0,"href":"https:\/\/panelsandwich.org\/pt-pt\/wp-json\/wp\/v2\/product\/66100\/revisions"}],"wp:featuredmedia":[{"embeddable":true,"href":"https:\/\/panelsandwich.org\/pt-pt\/wp-json\/wp\/v2\/media\/33322"}],"wp:attachment":[{"href":"https:\/\/panelsandwich.org\/pt-pt\/wp-json\/wp\/v2\/media?parent=66100"}],"wp:term":[{"taxonomy":"product_brand","embeddable":true,"href":"https:\/\/panelsandwich.org\/pt-pt\/wp-json\/wp\/v2\/product_brand?post=66100"},{"taxonomy":"product_cat","embeddable":true,"href":"https:\/\/panelsandwich.org\/pt-pt\/wp-json\/wp\/v2\/product_cat?post=66100"},{"taxonomy":"product_tag","embeddable":true,"href":"https:\/\/panelsandwich.org\/pt-pt\/wp-json\/wp\/v2\/product_tag?post=66100"}],"curies":[{"name":"wp","href":"https:\/\/api.w.org\/{rel}","templated":true}]}}