{"id":66276,"date":"2023-09-28T23:15:36","date_gmt":"2023-09-28T21:15:36","guid":{"rendered":"https:\/\/panelsandwich.org\/cobertura-de-painel-sanduiche-rufos-4-ranhuras\/"},"modified":"2025-11-21T12:17:56","modified_gmt":"2025-11-21T11:17:56","slug":"cobertura-de-painel-sanduiche-rufos-4-ranhuras","status":"publish","type":"product","link":"https:\/\/panelsandwich.org\/pt-pt\/cobertura-de-painel-sanduiche-rufos-4-ranhuras\/","title":{"rendered":"Telhado de painel sandu\u00edche &#8211; Revestimentos"},"content":{"rendered":"\t\t<div data-elementor-type=\"product-post\" data-elementor-id=\"66276\" class=\"elementor elementor-66276 elementor-33293\" data-elementor-post-type=\"product\">\n\t\t\t\t\t\t<section class=\"elementor-section elementor-top-section elementor-element elementor-element-723d81f3 elementor-section-boxed elementor-section-height-default elementor-section-height-default\" data-id=\"723d81f3\" data-element_type=\"section\" data-e-type=\"section\" data-settings=\"{&quot;jet_parallax_layout_list&quot;:[]}\">\n\t\t\t\t\t\t<div class=\"elementor-container elementor-column-gap-default\">\n\t\t\t\t\t<div class=\"elementor-column elementor-col-100 elementor-top-column elementor-element elementor-element-6f8d6f41\" data-id=\"6f8d6f41\" data-element_type=\"column\" data-e-type=\"column\">\n\t\t\t<div class=\"elementor-widget-wrap elementor-element-populated\">\n\t\t\t\t\t\t<div class=\"elementor-element elementor-element-7ea92d8f elementor-widget elementor-widget-heading\" data-id=\"7ea92d8f\" data-element_type=\"widget\" data-e-type=\"widget\" data-widget_type=\"heading.default\">\n\t\t\t\t<div class=\"elementor-widget-container\">\n\t\t\t\t\t<h2 class=\"elementor-heading-title elementor-size-default\"><h2>Painel sandu\u00edche com 4 ranhuras\n<\/h2><\/h2>\t\t\t\t<\/div>\n\t\t\t\t<\/div>\n\t\t\t\t<div class=\"elementor-element elementor-element-844358a elementor-widget elementor-widget-text-editor\" data-id=\"844358a\" data-element_type=\"widget\" data-e-type=\"widget\" data-widget_type=\"text-editor.default\">\n\t\t\t\t<div class=\"elementor-widget-container\">\n\t\t\t\t\t\t\t\t\tPainel isolante de 4 ondas para coberturas com cobertura de juntas, constitu\u00eddo por duas chapas met\u00e1licas em perfis, unidas por um n\u00facleo de espuma r\u00edgida de poliuretano (PUR) ou poliisocianurato (PIR). Painel produzido em conformidade com a norma EN 14509 e sujeito a avalia\u00e7\u00e3o e verifica\u00e7\u00e3o da regularidade do desempenho em conformidade com o sistema 1.\t\t\t\t\t\t\t\t<\/div>\n\t\t\t\t<\/div>\n\t\t\t\t<div class=\"elementor-element elementor-element-47f6c012 elementor-tabs-view-horizontal elementor-widget elementor-widget-tabs\" data-id=\"47f6c012\" data-element_type=\"widget\" data-e-type=\"widget\" data-widget_type=\"tabs.default\">\n\t\t\t\t<div class=\"elementor-widget-container\">\n\t\t\t\t\t\t\t<div class=\"elementor-tabs\">\n\t\t\t<div class=\"elementor-tabs-wrapper\" role=\"tablist\" >\n\t\t\t\t\t\t\t\t\t<div id=\"elementor-tab-title-1201\" class=\"elementor-tab-title elementor-tab-desktop-title\" aria-selected=\"true\" data-tab=\"1\" role=\"tab\" tabindex=\"0\" aria-controls=\"elementor-tab-content-1201\" aria-expanded=\"false\">Descri\u00e7\u00e3o\/Aplica\u00e7\u00e3o<\/div>\n\t\t\t\t\t\t\t\t\t<div id=\"elementor-tab-title-1202\" class=\"elementor-tab-title elementor-tab-desktop-title\" aria-selected=\"false\" data-tab=\"2\" role=\"tab\" tabindex=\"-1\" aria-controls=\"elementor-tab-content-1202\" aria-expanded=\"false\">Tabela de cargas<\/div>\n\t\t\t\t\t\t\t\t\t<div id=\"elementor-tab-title-1203\" class=\"elementor-tab-title elementor-tab-desktop-title\" aria-selected=\"false\" data-tab=\"3\" role=\"tab\" tabindex=\"-1\" aria-controls=\"elementor-tab-content-1203\" aria-expanded=\"false\">Cores dispon\u00edveis<\/div>\n\t\t\t\t\t\t\t\t\t<div id=\"elementor-tab-title-1204\" class=\"elementor-tab-title elementor-tab-desktop-title\" aria-selected=\"false\" data-tab=\"4\" role=\"tab\" tabindex=\"-1\" aria-controls=\"elementor-tab-content-1204\" aria-expanded=\"false\">Folhas de dados \/ Downloads<\/div>\n\t\t\t\t\t\t\t<\/div>\n\t\t\t<div class=\"elementor-tabs-content-wrapper\" role=\"tablist\" aria-orientation=\"vertical\">\n\t\t\t\t\t\t\t\t\t<div class=\"elementor-tab-title elementor-tab-mobile-title\" aria-selected=\"true\" data-tab=\"1\" role=\"tab\" tabindex=\"0\" aria-controls=\"elementor-tab-content-1201\" aria-expanded=\"false\">Descri\u00e7\u00e3o\/Aplica\u00e7\u00e3o<\/div>\n\t\t\t\t\t<div id=\"elementor-tab-content-1201\" class=\"elementor-tab-content elementor-clearfix\" data-tab=\"1\" role=\"tabpanel\" aria-labelledby=\"elementor-tab-title-1201\" tabindex=\"0\" hidden=\"false\"><h3><strong>Aplica-te:<\/strong><\/h3>\n<p>Coberturas de edif\u00edcios com uma inclina\u00e7\u00e3o m\u00ednima de 5%.<\/p>\n<h3><strong>Tipo de uni\u00e3o:<\/strong><\/h3>\n<p>Junta: oculta com um revestimento. O parafuso est\u00e1 escondido na tampa da extremidade.<\/p>\n<p>Parafusos: Parafuso sem anilha<\/p>\n<p><img fetchpriority=\"high\" decoding=\"async\" class=\" size-full wp-image-33287\" src=\"https:\/\/panelsandwich.org\/wp-content\/uploads\/2021\/10\/cms_Union-Tapajuntas-Panel-Sandwich-Tapajuntas-Detalle-de-union.png\" alt=\"Detalhe da junta de revestimento do painel sandu\u00edche\" width=\"250\" height=\"250\" title=\"\" srcset=\"https:\/\/panelsandwich.org\/wp-content\/uploads\/2021\/10\/cms_Union-Tapajuntas-Panel-Sandwich-Tapajuntas-Detalle-de-union.png 378w, https:\/\/panelsandwich.org\/wp-content\/uploads\/2021\/10\/cms_Union-Tapajuntas-Panel-Sandwich-Tapajuntas-Detalle-de-union-100x100.png 100w, https:\/\/panelsandwich.org\/wp-content\/uploads\/2021\/10\/cms_Union-Tapajuntas-Panel-Sandwich-Tapajuntas-Detalle-de-union-300x300.png 300w, https:\/\/panelsandwich.org\/wp-content\/uploads\/2021\/10\/cms_Union-Tapajuntas-Panel-Sandwich-Tapajuntas-Detalle-de-union-150x150.png 150w\" sizes=\"(max-width: 250px) 100vw, 250px\" \/><\/p>\n<h3><strong>Dimens\u00f5es:<\/strong><\/h3>\n<p>Espessuras: 30-40-50-60-80-100 mm \u00b11 mm<\/p>\n<p>Largura: 1000 mm \u00b11 mm<\/p>\n<p>Comprimento: 4,00 &#8211; 18,00 m \u00b110 mm<\/p>\n<p><img decoding=\"async\" class=\" size-full wp-image-33288\" src=\"https:\/\/panelsandwich.org\/wp-content\/uploads\/2021\/10\/cms_CUBIERTA_4-GRECAS_medidas.JPG\" alt=\"|\" width=\"100%\" title=\"\" srcset=\"https:\/\/panelsandwich.org\/wp-content\/uploads\/2021\/10\/cms_CUBIERTA_4-GRECAS_medidas.JPG 1507w, https:\/\/panelsandwich.org\/wp-content\/uploads\/2021\/10\/cms_CUBIERTA_4-GRECAS_medidas-300x57.jpg 300w, https:\/\/panelsandwich.org\/wp-content\/uploads\/2021\/10\/cms_CUBIERTA_4-GRECAS_medidas-1024x196.jpg 1024w, https:\/\/panelsandwich.org\/wp-content\/uploads\/2021\/10\/cms_CUBIERTA_4-GRECAS_medidas-768x147.jpg 768w, https:\/\/panelsandwich.org\/wp-content\/uploads\/2021\/10\/cms_CUBIERTA_4-GRECAS_medidas-600x115.jpg 600w\" sizes=\"(max-width: 1507px) 100vw, 1507px\" \/><\/p>\n<h3><strong>Suporte met\u00e1lico:<\/strong><\/h3>\n<p>N\u00facleo em chapa de a\u00e7o de qualidade S250GD: EN 10346<\/p>\n<p>Bobinas lacadas com revestimento org\u00e2nico: EN 10169+A1<\/p>\n<p>Espessura: 0,4-0,5-0,6 mm<\/p>\n<h3><strong>N\u00facleo isolante:<\/strong><\/h3>\n<p>Poliuretano (PUR) | Poliisocianurato (PIR)<\/p>\n<p>Condutividade t\u00e9rmica: PUR: 0,022 W\/mK | PIR: 0,022 W\/mK<\/p>\n<p>Densidade: 40 kg\/m3 \u00b110%.<\/p>\n<p>Rea\u00e7\u00e3o ao fogo: PUR: B-s2,d0 | PIR: B-s2,d0 | PIR-HI: B-s1,d0<\/p>\n<p>Resist\u00eancia \u00e0 tra\u00e7\u00e3o das folhas (ader\u00eancia) &gt; 0,10 MPa<\/p>\n<p>Resist\u00eancia \u00e0 compress\u00e3o a 10% de deforma\u00e7\u00e3o &gt; 0,10 MPa<\/p>\n<h3><strong>Revestimento:<\/strong><\/h3>\n<p>Padr\u00e3o: Tinta de poli\u00e9ster 25 \u00b5m Especial: Granito HDX 55 \u00b5m | PVDF 35 m<\/p>\n<\/div>\n\t\t\t\t\t\t\t\t\t<div class=\"elementor-tab-title elementor-tab-mobile-title\" aria-selected=\"false\" data-tab=\"2\" role=\"tab\" tabindex=\"-1\" aria-controls=\"elementor-tab-content-1202\" aria-expanded=\"false\">Tabela de cargas<\/div>\n\t\t\t\t\t<div id=\"elementor-tab-content-1202\" class=\"elementor-tab-content elementor-clearfix\" data-tab=\"2\" role=\"tabpanel\" aria-labelledby=\"elementor-tab-title-1202\" tabindex=\"0\" hidden=\"hidden\"><p><strong><img decoding=\"async\" class=\" size-full wp-image-33289\" src=\"https:\/\/panelsandwich.org\/wp-content\/uploads\/2021\/10\/cms_CUBIERTA_4-GRECAS_cargas1.JPG\" alt=\"|\" width=\"100%\" title=\"\" srcset=\"https:\/\/panelsandwich.org\/wp-content\/uploads\/2021\/10\/cms_CUBIERTA_4-GRECAS_cargas1.JPG 1246w, https:\/\/panelsandwich.org\/wp-content\/uploads\/2021\/10\/cms_CUBIERTA_4-GRECAS_cargas1-300x168.jpg 300w, https:\/\/panelsandwich.org\/wp-content\/uploads\/2021\/10\/cms_CUBIERTA_4-GRECAS_cargas1-1024x574.jpg 1024w, https:\/\/panelsandwich.org\/wp-content\/uploads\/2021\/10\/cms_CUBIERTA_4-GRECAS_cargas1-768x430.jpg 768w, https:\/\/panelsandwich.org\/wp-content\/uploads\/2021\/10\/cms_CUBIERTA_4-GRECAS_cargas1-600x336.jpg 600w\" sizes=\"(max-width: 1246px) 100vw, 1246px\" \/> <img decoding=\"async\" class=\" size-full wp-image-33290\" src=\"https:\/\/panelsandwich.org\/wp-content\/uploads\/2021\/10\/cms_CUBIERTA_4-GRECAS_cargas2.JPG\" alt=\"|\" width=\"100%\" title=\"\" srcset=\"https:\/\/panelsandwich.org\/wp-content\/uploads\/2021\/10\/cms_CUBIERTA_4-GRECAS_cargas2.JPG 1239w, https:\/\/panelsandwich.org\/wp-content\/uploads\/2021\/10\/cms_CUBIERTA_4-GRECAS_cargas2-300x196.jpg 300w, https:\/\/panelsandwich.org\/wp-content\/uploads\/2021\/10\/cms_CUBIERTA_4-GRECAS_cargas2-1024x668.jpg 1024w, https:\/\/panelsandwich.org\/wp-content\/uploads\/2021\/10\/cms_CUBIERTA_4-GRECAS_cargas2-768x501.jpg 768w, https:\/\/panelsandwich.org\/wp-content\/uploads\/2021\/10\/cms_CUBIERTA_4-GRECAS_cargas2-600x391.jpg 600w\" sizes=\"(max-width: 1239px) 100vw, 1239px\" \/><br \/><\/strong><\/p>\n<p><strong><img decoding=\"async\" class=\" size-full wp-image-33291\" src=\"https:\/\/panelsandwich.org\/wp-content\/uploads\/2021\/10\/cms_CUBIERTA_4-GRECAS_cargas3.JPG\" alt=\"|\" width=\"100%\" title=\"\" srcset=\"https:\/\/panelsandwich.org\/wp-content\/uploads\/2021\/10\/cms_CUBIERTA_4-GRECAS_cargas3.JPG 1241w, https:\/\/panelsandwich.org\/wp-content\/uploads\/2021\/10\/cms_CUBIERTA_4-GRECAS_cargas3-300x89.jpg 300w, https:\/\/panelsandwich.org\/wp-content\/uploads\/2021\/10\/cms_CUBIERTA_4-GRECAS_cargas3-1024x305.jpg 1024w, https:\/\/panelsandwich.org\/wp-content\/uploads\/2021\/10\/cms_CUBIERTA_4-GRECAS_cargas3-768x229.jpg 768w, https:\/\/panelsandwich.org\/wp-content\/uploads\/2021\/10\/cms_CUBIERTA_4-GRECAS_cargas3-600x179.jpg 600w\" sizes=\"(max-width: 1241px) 100vw, 1241px\" \/><\/strong><\/p>\n<\/div>\n\t\t\t\t\t\t\t\t\t<div class=\"elementor-tab-title elementor-tab-mobile-title\" aria-selected=\"false\" data-tab=\"3\" role=\"tab\" tabindex=\"-1\" aria-controls=\"elementor-tab-content-1203\" aria-expanded=\"false\">Cores dispon\u00edveis<\/div>\n\t\t\t\t\t<div id=\"elementor-tab-content-1203\" class=\"elementor-tab-content elementor-clearfix\" data-tab=\"3\" role=\"tabpanel\" aria-labelledby=\"elementor-tab-title-1203\" tabindex=\"0\" hidden=\"hidden\"><h3><strong>Gama de cores<\/strong><\/h3>\n<p>As cores apresentadas no cat\u00e1logo correspondem aos nossos padr\u00f5es de forma t\u00e3o exacta quanto poss\u00edvel. No entanto, as pequenas altera\u00e7\u00f5es s\u00e3o inevit\u00e1veis, raz\u00e3o pela qual recomendamos que efectues sempre um teste de cor numa amostra real.<\/p>\n<p><img decoding=\"async\" class=\" size-full wp-image-33292\" src=\"https:\/\/panelsandwich.org\/wp-content\/uploads\/2021\/10\/cms_CUBIERTA_4-GRECAS_colores.JPG\" alt=\"|\" width=\"100%\" title=\"\" srcset=\"https:\/\/panelsandwich.org\/wp-content\/uploads\/2021\/10\/cms_CUBIERTA_4-GRECAS_colores.JPG 830w, https:\/\/panelsandwich.org\/wp-content\/uploads\/2021\/10\/cms_CUBIERTA_4-GRECAS_colores-100x100.jpg 100w, https:\/\/panelsandwich.org\/wp-content\/uploads\/2021\/10\/cms_CUBIERTA_4-GRECAS_colores-300x296.jpg 300w, https:\/\/panelsandwich.org\/wp-content\/uploads\/2021\/10\/cms_CUBIERTA_4-GRECAS_colores-768x758.jpg 768w, https:\/\/panelsandwich.org\/wp-content\/uploads\/2021\/10\/cms_CUBIERTA_4-GRECAS_colores-600x592.jpg 600w\" sizes=\"(max-width: 830px) 100vw, 830px\" \/><\/p>\n<\/div>\n\t\t\t\t\t\t\t\t\t<div class=\"elementor-tab-title elementor-tab-mobile-title\" aria-selected=\"false\" data-tab=\"4\" role=\"tab\" tabindex=\"-1\" aria-controls=\"elementor-tab-content-1204\" aria-expanded=\"false\">Folhas de dados \/ Downloads<\/div>\n\t\t\t\t\t<div id=\"elementor-tab-content-1204\" class=\"elementor-tab-content elementor-clearfix\" data-tab=\"4\" role=\"tabpanel\" aria-labelledby=\"elementor-tab-title-1204\" tabindex=\"0\" hidden=\"hidden\"><p><a href=\"https:\/\/panelsandwich.org\/wp-content\/uploads\/2023\/11\/PanelSandwich-Tapajuntas-Ficha-Tecnica.pdf\" target=\"_blank\" rel=\"noopener\"><button style=\"background-color: #ffa300; border-color: black; color: white;\" spellcheck=\"false\" data-lt-tmp-id=\"lt-827558\" data-gramm=\"false\">Descarrega a ficha t\u00e9cnica<\/button><\/a><\/p>\n<\/div>\n\t\t\t\t\t\t\t<\/div>\n\t\t<\/div>\n\t\t\t\t\t\t<\/div>\n\t\t\t\t<\/div>\n\t\t\t\t\t<\/div>\n\t\t<\/div>\n\t\t\t\t\t<\/div>\n\t\t<\/section>\n\t\t\t\t<\/div>\n\t\t","protected":false},"excerpt":{"rendered":"<p>Painel de teto PTA-Sandu\u00edche. Pisca 4 Grecas<\/p>\n<p style=\"text-align: center;\"><strong><span style=\"font-size: medium;\"><a class=\"w-100 btn btn-danger btn-lg\" href=\"https:\/\/panelsandwich.org\/contactenos\">SOLICITA PRE\u00c7OS E INFORMA\u00c7\u00d5ES T\u00c9CNICAS  <i class=\"caret-right\"><\/i><\/a><\/span><\/strong><\/p>\n","protected":false},"featured_media":66520,"comment_status":"closed","ping_status":"closed","template":"","meta":[],"product_brand":[],"product_cat":[3751],"product_tag":[3763,3755,3778,3756,3764,3765,3766,3758,3782,3775,3754,3777,3769,3779,3788,3753,3761,3773,3757],"class_list":{"0":"post-66276","1":"product","2":"type-product","3":"status-publish","4":"has-post-thumbnail","6":"product_cat-painel-de-teto-sanduiche","7":"product_tag-agropanel-pt-pt-2","8":"product_tag-cobre","9":"product_tag-estrutura-de-claraboias-metal","10":"product_tag-fachada-pt-pt","11":"product_tag-fazendas","12":"product_tag-frigorifico-pt-pt","13":"product_tag-la-de-rocha","14":"product_tag-ocasiao","15":"product_tag-paineis-de-teto","16":"product_tag-paineis-em-sanduiche","17":"product_tag-painel-de-azulejos","18":"product_tag-painel-de-cobertura-pt-pt","19":"product_tag-painel-de-madeira","20":"product_tag-painel-do-teto","21":"product_tag-painel-intermitente","22":"product_tag-painel-sanduiche","23":"product_tag-preco-pt-pt","24":"product_tag-remateria-pt-pt-2","25":"product_tag-sem-parafusos","26":"pa_colorexterior-azul-genciana-ral-5010-pt-pt","27":"pa_colorexterior-branco-pirineu-ral-9010","28":"pa_colorexterior-cinzento-antracite-ral-7016","29":"pa_colorexterior-cinzento-basalto-ral-7012","30":"pa_colorexterior-cinzento-metalizado-ral-9006","31":"pa_colorexterior-cinzento-sombra-ral-7022","32":"pa_colorexterior-creme-bidasoa-ral-1015-pt-pt","33":"pa_colorexterior-preto-ral-9004","34":"pa_colorexterior-verde-navarra-ral-6005","35":"pa_colorexterior-vermelho-ral-3009","36":"pa_colorinterior-branco-pirineu-ral-9010","37":"pa_espesorespuma-100-mm-pt-pt","38":"pa_espesorespuma-30-mm-pt-pt-2","39":"pa_espesorespuma-40-mm-pt-pt","40":"pa_espesorespuma-50-mm-pt-pt-3","41":"pa_espesorespuma-60-mm-pt-pt-2","42":"pa_espesorespuma-80-mm-pt-pt","43":"pa_tipoaislamiento-espuma-de-poliuretano-c-s3-d0","44":"pa_tipoaislamiento-espuma-pir-b-s2-d0-pt-pt","45":"pa_tipoaislamiento-espuma-pir-hi-b-s1-d0-pt-pt","47":"first","48":"instock","49":"taxable","50":"shipping-taxable","51":"product-type-variable","52":"has-default-attributes"},"_links":{"self":[{"href":"https:\/\/panelsandwich.org\/pt-pt\/wp-json\/wp\/v2\/product\/66276","targetHints":{"allow":["GET"]}}],"collection":[{"href":"https:\/\/panelsandwich.org\/pt-pt\/wp-json\/wp\/v2\/product"}],"about":[{"href":"https:\/\/panelsandwich.org\/pt-pt\/wp-json\/wp\/v2\/types\/product"}],"replies":[{"embeddable":true,"href":"https:\/\/panelsandwich.org\/pt-pt\/wp-json\/wp\/v2\/comments?post=66276"}],"version-history":[{"count":0,"href":"https:\/\/panelsandwich.org\/pt-pt\/wp-json\/wp\/v2\/product\/66276\/revisions"}],"wp:featuredmedia":[{"embeddable":true,"href":"https:\/\/panelsandwich.org\/pt-pt\/wp-json\/wp\/v2\/media\/66520"}],"wp:attachment":[{"href":"https:\/\/panelsandwich.org\/pt-pt\/wp-json\/wp\/v2\/media?parent=66276"}],"wp:term":[{"taxonomy":"product_brand","embeddable":true,"href":"https:\/\/panelsandwich.org\/pt-pt\/wp-json\/wp\/v2\/product_brand?post=66276"},{"taxonomy":"product_cat","embeddable":true,"href":"https:\/\/panelsandwich.org\/pt-pt\/wp-json\/wp\/v2\/product_cat?post=66276"},{"taxonomy":"product_tag","embeddable":true,"href":"https:\/\/panelsandwich.org\/pt-pt\/wp-json\/wp\/v2\/product_tag?post=66276"}],"curies":[{"name":"wp","href":"https:\/\/api.w.org\/{rel}","templated":true}]}}