{"id":66288,"date":"2023-09-28T23:15:39","date_gmt":"2023-09-28T21:15:39","guid":{"rendered":"https:\/\/panelsandwich.org\/painel-sanduiche-agropanel-forma-de-telha\/"},"modified":"2024-05-06T17:16:47","modified_gmt":"2024-05-06T15:16:47","slug":"painel-sanduiche-agropanel-forma-de-telha","status":"publish","type":"product","link":"https:\/\/panelsandwich.org\/pt-pt\/painel-sanduiche-agropanel-forma-de-telha\/","title":{"rendered":"Painel Sandu\u00edche Agropanel &#8211; Forma de telha"},"content":{"rendered":"\t\t<div data-elementor-type=\"product-post\" data-elementor-id=\"66288\" class=\"elementor elementor-66288 elementor-32969\" data-elementor-post-type=\"product\">\n\t\t\t\t\t\t<section class=\"elementor-section elementor-top-section elementor-element elementor-element-6d1e17e4 elementor-section-boxed elementor-section-height-default elementor-section-height-default\" data-id=\"6d1e17e4\" data-element_type=\"section\" data-e-type=\"section\" data-settings=\"{&quot;jet_parallax_layout_list&quot;:[]}\">\n\t\t\t\t\t\t<div class=\"elementor-container elementor-column-gap-default\">\n\t\t\t\t\t<div class=\"elementor-column elementor-col-100 elementor-top-column elementor-element elementor-element-2baf3170\" data-id=\"2baf3170\" data-element_type=\"column\" data-e-type=\"column\">\n\t\t\t<div class=\"elementor-widget-wrap elementor-element-populated\">\n\t\t\t\t\t\t<div class=\"elementor-element elementor-element-6e1c72fb elementor-widget elementor-widget-heading\" data-id=\"6e1c72fb\" data-element_type=\"widget\" data-e-type=\"widget\" data-widget_type=\"heading.default\">\n\t\t\t\t<div class=\"elementor-widget-container\">\n\t\t\t\t\t<h2 class=\"elementor-heading-title elementor-size-default\"><h2>Agropanel - Imita\u00e7\u00e3o de telha\n<\/h2><\/h2>\t\t\t\t<\/div>\n\t\t\t\t<\/div>\n\t\t\t\t<div class=\"elementor-element elementor-element-68af2f1e elementor-widget elementor-widget-text-editor\" data-id=\"68af2f1e\" data-element_type=\"widget\" data-e-type=\"widget\" data-widget_type=\"text-editor.default\">\n\t\t\t\t<div class=\"elementor-widget-container\">\n\t\t\t\t\t\t\t\t\t<p>Os pain\u00e9is sandu\u00edche autoportantes Agrocoppo s\u00e3o constitu\u00eddos por uma chapa de a\u00e7o no exterior, uma chapa de poli\u00e9ster no interior e um n\u00facleo de espuma de poliuretano com elevado isolamento t\u00e9rmico. S\u00e3o concebidos como coberturas inclinadas geralmente aplicadas em explora\u00e7\u00f5es agr\u00edcolas (exceto nas explora\u00e7\u00f5es de su\u00ednos onde recomendamos a instala\u00e7\u00e3o do nosso produto SPM). A inclina\u00e7\u00e3o m\u00ednima deve ser superior a 10 %. O comprimento m\u00e1ximo recomendado para este produto \u00e9 de 15.050 mm, com uma largura \u00fatil de 1.000 mm.<\/p>\n\t\t\t\t\t\t\t\t<\/div>\n\t\t\t\t<\/div>\n\t\t\t\t<div class=\"elementor-element elementor-element-b235ea6 elementor-tabs-view-horizontal elementor-widget elementor-widget-tabs\" data-id=\"b235ea6\" data-element_type=\"widget\" data-e-type=\"widget\" data-widget_type=\"tabs.default\">\n\t\t\t\t<div class=\"elementor-widget-container\">\n\t\t\t\t\t\t\t<div class=\"elementor-tabs\">\n\t\t\t<div class=\"elementor-tabs-wrapper\" role=\"tablist\" >\n\t\t\t\t\t\t\t\t\t<div id=\"elementor-tab-title-1861\" class=\"elementor-tab-title elementor-tab-desktop-title\" aria-selected=\"true\" data-tab=\"1\" role=\"tab\" tabindex=\"0\" aria-controls=\"elementor-tab-content-1861\" aria-expanded=\"false\">Descri\u00e7\u00e3o\/Aplica\u00e7\u00e3o<\/div>\n\t\t\t\t\t\t\t\t\t<div id=\"elementor-tab-title-1862\" class=\"elementor-tab-title elementor-tab-desktop-title\" aria-selected=\"false\" data-tab=\"2\" role=\"tab\" tabindex=\"-1\" aria-controls=\"elementor-tab-content-1862\" aria-expanded=\"false\">Tabela de cargas<\/div>\n\t\t\t\t\t\t\t\t\t<div id=\"elementor-tab-title-1863\" class=\"elementor-tab-title elementor-tab-desktop-title\" aria-selected=\"false\" data-tab=\"3\" role=\"tab\" tabindex=\"-1\" aria-controls=\"elementor-tab-content-1863\" aria-expanded=\"false\">Cores dispon\u00edveis<\/div>\n\t\t\t\t\t\t\t\t\t<div id=\"elementor-tab-title-1864\" class=\"elementor-tab-title elementor-tab-desktop-title\" aria-selected=\"false\" data-tab=\"4\" role=\"tab\" tabindex=\"-1\" aria-controls=\"elementor-tab-content-1864\" aria-expanded=\"false\">Folhas de dados \/ Downloads<\/div>\n\t\t\t\t\t\t\t<\/div>\n\t\t\t<div class=\"elementor-tabs-content-wrapper\" role=\"tablist\" aria-orientation=\"vertical\">\n\t\t\t\t\t\t\t\t\t<div class=\"elementor-tab-title elementor-tab-mobile-title\" aria-selected=\"true\" data-tab=\"1\" role=\"tab\" tabindex=\"0\" aria-controls=\"elementor-tab-content-1861\" aria-expanded=\"false\">Descri\u00e7\u00e3o\/Aplica\u00e7\u00e3o<\/div>\n\t\t\t\t\t<div id=\"elementor-tab-content-1861\" class=\"elementor-tab-content elementor-clearfix\" data-tab=\"1\" role=\"tabpanel\" aria-labelledby=\"elementor-tab-title-1861\" tabindex=\"0\" hidden=\"false\"><h3>Aplica\u00e7\u00e3o<\/h3>\n<p>Envolventes de edif\u00edcios.<\/p>\n<h3>Tipo de junta e fixadores<\/h3>\n<p>Tipo de junta: tipo de encaixe. O parafuso \u00e9 vis\u00edvel.<\/p>\n<p>Parafusos: Parafuso com anilha de borracha.<\/p>\n<p><img fetchpriority=\"high\" decoding=\"async\" class=\"alignnone wp-image-32966 size-medium\" src=\"https:\/\/panelsandwich.org\/wp-content\/uploads\/2018\/12\/cms_AGROPANEL_AGROPANEL-IMITACION-TEJA_union-300x212.png\" alt=\"|\" width=\"300\" height=\"212\" title=\"\" srcset=\"https:\/\/panelsandwich.org\/wp-content\/uploads\/2018\/12\/cms_AGROPANEL_AGROPANEL-IMITACION-TEJA_union-300x212.png 300w, https:\/\/panelsandwich.org\/wp-content\/uploads\/2018\/12\/cms_AGROPANEL_AGROPANEL-IMITACION-TEJA_union.png 408w\" sizes=\"(max-width: 300px) 100vw, 300px\" \/><\/p>\n<h3>Dimens\u00f5es<\/h3>\n<p>O comprimento m\u00e1ximo recomendado para este produto \u00e9 de 15.050 mm, com uma largura \u00fatil de 1.000 mm.<\/p>\n<p>Vantagens: A geometria da chapa exterior assemelha-se \u00e0 forma do azulejo \u00e1rabe, o que confere ao painel uma adaptabilidade \u00e0 est\u00e9tica do ambiente. A pel\u00edcula interna de poli\u00e9ster \u00e9 altamente resistente ao ataque de microrganismos, bact\u00e9rias, vapores e condensa\u00e7\u00e3o de \u00e1cidos org\u00e2nicos presentes nas explora\u00e7\u00f5es agr\u00edcolas.<\/p>\n<p><img decoding=\"async\" class=\"aligncenter wp-image-36947 size-full lazyload\" data-src=\"https:\/\/panelsandwich.org\/wp-content\/uploads\/2023\/11\/Captura-11.jpg\" alt=\"|\" width=\"987\" height=\"259\" title=\"\" data-srcset=\"https:\/\/panelsandwich.org\/wp-content\/uploads\/2023\/11\/Captura-11.jpg 987w, https:\/\/panelsandwich.org\/wp-content\/uploads\/2023\/11\/Captura-11-300x79.jpg 300w, https:\/\/panelsandwich.org\/wp-content\/uploads\/2023\/11\/Captura-11-768x202.jpg 768w\" data-sizes=\"(max-width: 987px) 100vw, 987px\" src=\"data:image\/svg+xml;base64,PHN2ZyB3aWR0aD0iMSIgaGVpZ2h0PSIxIiB4bWxucz0iaHR0cDovL3d3dy53My5vcmcvMjAwMC9zdmciPjwvc3ZnPg==\" style=\"--smush-placeholder-width: 987px; --smush-placeholder-aspect-ratio: 987\/259;\" \/><\/p>\n<h3>\n<p>Rea\u00e7\u00e3o ao fogo<\/h3>\n<p>Classifica\u00e7\u00e3o F de acordo com a norma UNE-EN 13501-1:2007 +A1:2010. N\u00e3o utiliza CFC.<\/p>\n<\/div>\n\t\t\t\t\t\t\t\t\t<div class=\"elementor-tab-title elementor-tab-mobile-title\" aria-selected=\"false\" data-tab=\"2\" role=\"tab\" tabindex=\"-1\" aria-controls=\"elementor-tab-content-1862\" aria-expanded=\"false\">Tabela de cargas<\/div>\n\t\t\t\t\t<div id=\"elementor-tab-content-1862\" class=\"elementor-tab-content elementor-clearfix\" data-tab=\"2\" role=\"tabpanel\" aria-labelledby=\"elementor-tab-title-1862\" tabindex=\"0\" hidden=\"hidden\"><p><img decoding=\"async\" class=\"aligncenter wp-image-36948 size-full lazyload\" data-src=\"https:\/\/panelsandwich.org\/wp-content\/uploads\/2023\/11\/Captura-12.jpg\" alt=\"|\" width=\"1079\" height=\"256\" title=\"\" data-srcset=\"https:\/\/panelsandwich.org\/wp-content\/uploads\/2023\/11\/Captura-12.jpg 1079w, https:\/\/panelsandwich.org\/wp-content\/uploads\/2023\/11\/Captura-12-300x71.jpg 300w, https:\/\/panelsandwich.org\/wp-content\/uploads\/2023\/11\/Captura-12-1024x243.jpg 1024w, https:\/\/panelsandwich.org\/wp-content\/uploads\/2023\/11\/Captura-12-768x182.jpg 768w\" data-sizes=\"(max-width: 1079px) 100vw, 1079px\" src=\"data:image\/svg+xml;base64,PHN2ZyB3aWR0aD0iMSIgaGVpZ2h0PSIxIiB4bWxucz0iaHR0cDovL3d3dy53My5vcmcvMjAwMC9zdmciPjwvc3ZnPg==\" style=\"--smush-placeholder-width: 1079px; --smush-placeholder-aspect-ratio: 1079\/256;\" \/><\/p>\n<\/div>\n\t\t\t\t\t\t\t\t\t<div class=\"elementor-tab-title elementor-tab-mobile-title\" aria-selected=\"false\" data-tab=\"3\" role=\"tab\" tabindex=\"-1\" aria-controls=\"elementor-tab-content-1863\" aria-expanded=\"false\">Cores dispon\u00edveis<\/div>\n\t\t\t\t\t<div id=\"elementor-tab-content-1863\" class=\"elementor-tab-content elementor-clearfix\" data-tab=\"3\" role=\"tabpanel\" aria-labelledby=\"elementor-tab-title-1863\" tabindex=\"0\" hidden=\"hidden\"><p><img decoding=\"async\" class=\"aligncenter wp-image-36915 size-full lazyload\" data-src=\"https:\/\/panelsandwich.org\/wp-content\/uploads\/2023\/11\/Captura-5.jpg\" alt=\"|\" width=\"590\" height=\"860\" title=\"\" data-srcset=\"https:\/\/panelsandwich.org\/wp-content\/uploads\/2023\/11\/Captura-5.jpg 590w, https:\/\/panelsandwich.org\/wp-content\/uploads\/2023\/11\/Captura-5-206x300.jpg 206w\" data-sizes=\"(max-width: 590px) 100vw, 590px\" src=\"data:image\/svg+xml;base64,PHN2ZyB3aWR0aD0iMSIgaGVpZ2h0PSIxIiB4bWxucz0iaHR0cDovL3d3dy53My5vcmcvMjAwMC9zdmciPjwvc3ZnPg==\" style=\"--smush-placeholder-width: 590px; --smush-placeholder-aspect-ratio: 590\/860;\" \/><\/p>\n<\/div>\n\t\t\t\t\t\t\t\t\t<div class=\"elementor-tab-title elementor-tab-mobile-title\" aria-selected=\"false\" data-tab=\"4\" role=\"tab\" tabindex=\"-1\" aria-controls=\"elementor-tab-content-1864\" aria-expanded=\"false\">Folhas de dados \/ Downloads<\/div>\n\t\t\t\t\t<div id=\"elementor-tab-content-1864\" class=\"elementor-tab-content elementor-clearfix\" data-tab=\"4\" role=\"tabpanel\" aria-labelledby=\"elementor-tab-title-1864\" tabindex=\"0\" hidden=\"hidden\"><p><a href=\"https:\/\/panelsandwich.org\/wp-content\/uploads\/2023\/11\/Panel-Sandwich.-ORG-Agropanel-Imitacion-Teja.pdf\" target=\"_blank\" rel=\"noopener\"><button style=\"background-color: #ffa300; border-color: black; color: white;\" spellcheck=\"false\" data-lt-tmp-id=\"lt-827558\" data-gramm=\"false\">Descarrega a ficha t\u00e9cnica<\/button><\/a><\/p>\n<\/div>\n\t\t\t\t\t\t\t<\/div>\n\t\t<\/div>\n\t\t\t\t\t\t<\/div>\n\t\t\t\t<\/div>\n\t\t\t\t\t<\/div>\n\t\t<\/div>\n\t\t\t\t\t<\/div>\n\t\t<\/section>\n\t\t\t\t<\/div>\n\t\t","protected":false},"excerpt":{"rendered":"<p>PAT4- Painel Sandu\u00edche Agropanel. Imita\u00e7\u00e3o de azulejo<\/p>\n<p style=\"text-align: center;\"><strong><span style=\"font-size: medium;\"><a class=\"w-100 btn btn-danger btn-lg\" href=\"https:\/\/panelsandwich.org\/contactenos\">SOLICITA PRE\u00c7OS E INFORMA\u00c7\u00d5ES T\u00c9CNICAS  <i class=\"caret-right\"><\/i><\/a><\/span><\/strong><\/p>\n","protected":false},"featured_media":37051,"comment_status":"open","ping_status":"closed","template":"","meta":[],"product_brand":[],"product_cat":[3824],"product_tag":[],"class_list":{"0":"post-66288","1":"product","2":"type-product","3":"status-publish","4":"has-post-thumbnail","6":"product_cat-painel-sanduiche-para-fazendas-agropanel","7":"pa_colorexterior-albero-envelhecido","8":"pa_colorexterior-azul-lago-ral-5019","9":"pa_colorexterior-azulejo-ral-3009","10":"pa_colorexterior-branco-pirineu-ral-9010","11":"pa_colorexterior-cinzento-ardosia-ral-7024","12":"pa_colorexterior-cinzento-sombra-ral-7022","13":"pa_colorexterior-creme-bidasoa-ral-1015-pt-pt","14":"pa_colorexterior-verde-navarra-ral-6005","15":"pa_colorinterior-branco-chapas-de-poliester-e-fibra-de-vidro","16":"pa_espesorespuma-30-mm-pt-pt-2","17":"pa_espesorespuma-40-mm-pt-pt","18":"pa_tipoaislamiento-espuma-de-poliuretano-classificacao-f","20":"first","21":"outofstock","22":"taxable","23":"shipping-taxable","24":"purchasable","25":"product-type-variable","26":"has-default-attributes"},"_links":{"self":[{"href":"https:\/\/panelsandwich.org\/pt-pt\/wp-json\/wp\/v2\/product\/66288","targetHints":{"allow":["GET"]}}],"collection":[{"href":"https:\/\/panelsandwich.org\/pt-pt\/wp-json\/wp\/v2\/product"}],"about":[{"href":"https:\/\/panelsandwich.org\/pt-pt\/wp-json\/wp\/v2\/types\/product"}],"replies":[{"embeddable":true,"href":"https:\/\/panelsandwich.org\/pt-pt\/wp-json\/wp\/v2\/comments?post=66288"}],"version-history":[{"count":0,"href":"https:\/\/panelsandwich.org\/pt-pt\/wp-json\/wp\/v2\/product\/66288\/revisions"}],"wp:featuredmedia":[{"embeddable":true,"href":"https:\/\/panelsandwich.org\/pt-pt\/wp-json\/wp\/v2\/media\/37051"}],"wp:attachment":[{"href":"https:\/\/panelsandwich.org\/pt-pt\/wp-json\/wp\/v2\/media?parent=66288"}],"wp:term":[{"taxonomy":"product_brand","embeddable":true,"href":"https:\/\/panelsandwich.org\/pt-pt\/wp-json\/wp\/v2\/product_brand?post=66288"},{"taxonomy":"product_cat","embeddable":true,"href":"https:\/\/panelsandwich.org\/pt-pt\/wp-json\/wp\/v2\/product_cat?post=66288"},{"taxonomy":"product_tag","embeddable":true,"href":"https:\/\/panelsandwich.org\/pt-pt\/wp-json\/wp\/v2\/product_tag?post=66288"}],"curies":[{"name":"wp","href":"https:\/\/api.w.org\/{rel}","templated":true}]}}