{"id":66544,"date":"2023-09-28T23:15:36","date_gmt":"2023-09-28T21:15:36","guid":{"rendered":"https:\/\/panelsandwich.org\/fachada-eco-em-painel-sanduiche-parafusos-e-cavilhas-exteriores\/"},"modified":"2023-09-28T23:15:36","modified_gmt":"2023-09-28T21:15:36","slug":"fachada-eco-em-painel-sanduiche-parafusos-e-cavilhas-exteriores","status":"publish","type":"product","link":"https:\/\/panelsandwich.org\/pt-pt\/fachada-eco-em-painel-sanduiche-parafusos-e-cavilhas-exteriores\/","title":{"rendered":"Fachada ECO em painel sandu\u00edche &#8211; Parafusos e cavilhas exteriores"},"content":{"rendered":"<p class=\"MsoNormal\" style=\"margin: 0cm 0cm .0001pt; font-size: 12pt; font-family: Calibri, sans-serif; text-align: justify;\">Painel sandu\u00edche de fachada com parafusos vis\u00edveis, o painel tem uma elevada resist\u00eancia mec\u00e2nica e uma garantia total de estanquidade sobre qualquer estrutura de suporte, seja ela de madeira, a\u00e7o ou bet\u00e3o. Utiliza-se para cercas e paredes divis\u00f3rias.<\/p>\n<p class=\"MsoNormal\" style=\"margin: 0cm 0cm .0001pt; font-size: 12pt; font-family: Calibri, sans-serif; text-align: justify;\">\n<p class=\"MsoNormal\" style=\"margin: 0cm 0cm .0001pt; font-size: 12pt; font-family: Calibri, sans-serif;\"><b>Caracter\u00edsticas do painel:<\/b><\/p>\n<table class=\"MsoNormalTable\" style=\"width: 335.25pt; margin-left: .75pt; border-collapse: collapse;\" border=\"0\" width=\"447\" cellspacing=\"0\" cellpadding=\"0\">\n<tbody>\n<tr>\n<td style=\"width: 165pt; padding: 1.5pt;\" valign=\"top\" width=\"220\">\n<p class=\"MsoNormal\" style=\"margin: 0cm 0cm .0001pt; font-size: 12pt; font-family: Calibri, sans-serif;\">Lado interior<\/p>\n<\/td>\n<td style=\"width: 164.25pt; padding: 1.5pt;\" valign=\"top\" width=\"219\">\n<p class=\"MsoNormal\" style=\"margin: 0cm 0cm .0001pt; font-size: 12pt; font-family: Calibri, sans-serif;\">Chapa de a\u00e7o, espessura 0,4 mm<\/p>\n<\/td>\n<\/tr>\n<tr>\n<td style=\"width: 165pt; padding: 1.5pt;\" valign=\"top\" width=\"220\">\n<p class=\"MsoNormal\" style=\"margin: 0cm 0cm .0001pt; font-size: 12pt; font-family: Calibri, sans-serif;\">Isolamento<\/p>\n<\/td>\n<td style=\"width: 164.25pt; padding: 1.5pt;\" valign=\"top\" width=\"219\">\n<p class=\"MsoNormal\" style=\"margin: 0cm 0cm .0001pt; font-size: 12pt; font-family: Calibri, sans-serif;\">Poliuretano expandido 40 kg\/m2<\/p>\n<\/td>\n<\/tr>\n<tr>\n<td style=\"width: 165pt; padding: 1.5pt;\" valign=\"top\" width=\"220\">\n<p class=\"MsoNormal\" style=\"margin: 0cm 0cm .0001pt; font-size: 12pt; font-family: Calibri, sans-serif;\">Espessura do isolamento<\/p>\n<\/td>\n<td style=\"width: 164.25pt; padding: 1.5pt;\" valign=\"top\" width=\"219\">\n<p class=\"MsoNormal\" style=\"margin: 0cm 0cm .0001pt; font-size: 12pt; font-family: Calibri, sans-serif;\">30-40-50-60-80 mm.<\/p>\n<\/td>\n<\/tr>\n<tr>\n<td style=\"width: 165pt; padding: 1.5pt;\" valign=\"top\" width=\"220\">\n<p class=\"MsoNormal\" style=\"margin: 0cm 0cm .0001pt; font-size: 12pt; font-family: Calibri, sans-serif;\">Lado exterior<\/p>\n<\/td>\n<td style=\"width: 164.25pt; padding: 1.5pt;\" valign=\"top\" width=\"219\">\n<p class=\"MsoNormal\" style=\"margin: 0cm 0cm .0001pt; font-size: 12pt; font-family: Calibri, sans-serif;\">Chapa de a\u00e7o, espessura 0,4 mm<\/p>\n<\/td>\n<\/tr>\n<tr>\n<td style=\"width: 165pt; padding: 1.5pt;\" valign=\"top\" width=\"220\">\n<p class=\"MsoNormal\" style=\"margin: 0cm 0cm .0001pt; font-size: 12pt; font-family: Calibri, sans-serif;\">Tipo de chapa met\u00e1lica<\/p>\n<\/td>\n<td style=\"width: 164.25pt; padding: 1.5pt;\" valign=\"top\" width=\"219\">\n<p class=\"MsoNormal\" style=\"margin: 0cm 0cm .0001pt; font-size: 12pt; font-family: Calibri, sans-serif;\">Lacado 5 microns<\/p>\n<\/td>\n<\/tr>\n<tr>\n<td style=\"width: 165pt; padding: 1.5pt;\" valign=\"top\" width=\"220\">\n<p class=\"MsoNormal\" style=\"margin: 0cm 0cm .0001pt; font-size: 12pt; font-family: Calibri, sans-serif;\">Resist\u00eancia ao fogo<\/p>\n<\/td>\n<td style=\"width: 164.25pt; padding: 1.5pt;\" valign=\"top\" width=\"219\">\n<p class=\"MsoNormal\" style=\"margin: 0cm 0cm .0001pt; font-size: 12pt; font-family: Calibri, sans-serif;\">CS3D0 \/ BS2D0<\/p>\n<\/td>\n<\/tr>\n<\/tbody>\n<\/table>\n<p class=\"MsoNormal\" style=\"margin: 0cm 0cm .0001pt; font-size: 12pt; font-family: Calibri, sans-serif;\"><b><br \/>\nDimens\u00f5es do painel:<br \/>\n<\/b><\/p>\n<table class=\"MsoNormalTable\" style=\"margin-left: .75pt; border-collapse: collapse;\" border=\"0\" cellspacing=\"0\" cellpadding=\"0\">\n<tbody>\n<tr>\n<td style=\"width: 136.5pt; padding: 1.5pt;\" valign=\"top\" width=\"182\">\n<p class=\"MsoNormal\" style=\"margin: 0cm 0cm .0001pt; font-size: 12pt; font-family: Calibri, sans-serif;\">Caracter\u00edsticas<\/p>\n<\/td>\n<td style=\"width: 136.5pt; padding: 1.5pt;\" valign=\"top\" width=\"182\">\n<p class=\"MsoNormal\" style=\"margin: 0cm 0cm .0001pt; font-size: 12pt; font-family: Calibri, sans-serif;\">Painel de 1,00 m de largura por comprimento a pedido do cliente.<\/p>\n<\/td>\n<\/tr>\n<tr>\n<td style=\"width: 136.5pt; padding: 1.5pt;\" valign=\"top\" width=\"182\">\n<p class=\"MsoNormal\" style=\"margin: 0cm 0cm .0001pt; font-size: 12pt; font-family: Calibri, sans-serif;\">Passagem das ondas<\/p>\n<\/td>\n<td style=\"width: 136.5pt; padding: 1.5pt;\" valign=\"top\" width=\"182\">\n<p class=\"MsoNormal\" style=\"margin: 0cm 0cm .0001pt; font-size: 12pt; font-family: Calibri, sans-serif;\">2,5cm<\/p>\n<\/td>\n<\/tr>\n<\/tbody>\n<\/table>\n<p class=\"MsoNormal\" style=\"margin: 0cm 0cm .0001pt; font-size: 12pt; font-family: Calibri, sans-serif;\"><b>Tipo de junta e parafusos:<\/b><\/p>\n<p class=\"MsoNormal\" style=\"margin: 0cm 0cm .0001pt; font-size: 12pt; font-family: Calibri, sans-serif;\">Tipo de junta: tipo de encaixe. O parafuso \u00e9 vis\u00edvel.<\/p>\n<p class=\"MsoNormal\" style=\"margin: 0cm 0cm .0001pt; font-size: 12pt; font-family: Calibri, sans-serif;\">Parafusos: Parafusos de cinta, de viga ou de bet\u00e3o.<\/p>\n<p class=\"MsoNormal\" style=\"margin: 0cm 0cm .0001pt; font-size: 12pt; font-family: Calibri, sans-serif;\">\n<p class=\"MsoNormal\" style=\"margin: 0cm 0cm .0001pt; font-size: 12pt; font-family: Calibri, sans-serif;\"><b>Medidas e disponibilidade:<\/b><\/p>\n<p class=\"MsoNormal\" style=\"margin: 0cm 0cm .0001pt; font-size: 12pt; font-family: Calibri, sans-serif; text-align: justify;\">Tamanho do painel: Largura \u00fatil de 1,00 m. x Comprimento de f\u00e1brica de acordo com as especifica\u00e7\u00f5es do cliente.<\/p>\n<p class=\"MsoNormal\" style=\"margin: 0cm 0cm .0001pt; font-size: 12pt; font-family: Calibri, sans-serif; text-align: justify;\">Medidas Disponibilidade Stock: Em stock nos tamanhos 2,60-3,00-3,50-3,50-4,00-5,20-6,00-7,00 m.<\/p>\n<p class=\"MsoNormal\" style=\"margin: 0cm 0cm .0001pt; font-size: 12pt; font-family: Calibri, sans-serif; text-align: justify;\">Medidas Disponibilidade de Fabrico: A medida do comprimento do painel \u00e9 feita \u00e0 medida da fachada com um limite de 13,50 metros para transporte, sendo poss\u00edvel fabricar painel mais comprido, mas tendo em conta que necessitamos de um transporte especial.<\/p>\n<p class=\"MsoNormal\" style=\"margin: 0cm 0cm .0001pt; font-size: 12pt; font-family: Calibri, sans-serif; text-align: justify;\"><b>Carrega a tabela:<\/b><\/p>\n<p class=\"MsoNormal\" style=\"margin: 0cm 0cm .0001pt; font-size: 12pt; font-family: Calibri, sans-serif; text-align: justify;\">Valores admiss\u00edveis com espessuras de a\u00e7o de 0,4 ou 0,5 mm no lado exterior e 0,4 mm no lado interior. Os v\u00e3os l em metros correspondentes \u00e0 sobrecarga uniformemente distribu\u00edda p (daN\/m\u00b2) foram obtidos nos ensaios de carga efectuados nos nossos laborat\u00f3rios e garantem simultaneamente um coeficiente de seguran\u00e7a date f l\/ e u200 n em conformidade com as exig\u00eancias das normas UEAtc para os pain\u00e9is sandu\u00edche, elaboradas e aplicadas pelos principais organismos europeus de certifica\u00e7\u00e3o.<\/p>\n<p style=\"text-align: justify;\">\n","protected":false},"excerpt":{"rendered":"<p>PFS- Painel Sandu\u00edche ECO Fachada. Sectoriza\u00e7\u00e3o.<\/p>\n","protected":false},"featured_media":66545,"comment_status":"closed","ping_status":"closed","template":"","meta":[],"product_brand":[],"product_cat":[3752,3945],"product_tag":[3763,3755,3778,3756,3764,3765,3766,3758,3775,3787,3754,3784,3769,3781,3753,3761,3773,3757],"class_list":{"0":"post-66544","1":"product","2":"type-product","3":"status-publish","4":"has-post-thumbnail","6":"product_cat-fachada-de-painel-sanduiche","7":"product_cat-painel-sanduiche-barato","8":"product_tag-agropanel-pt-pt-2","9":"product_tag-cobre","10":"product_tag-estrutura-de-claraboias-metal","11":"product_tag-fachada-pt-pt","12":"product_tag-fazendas","13":"product_tag-frigorifico-pt-pt","14":"product_tag-la-de-rocha","15":"product_tag-ocasiao","16":"product_tag-paineis-em-sanduiche","17":"product_tag-paineis-para-armarios","18":"product_tag-painel-de-azulejos","19":"product_tag-painel-de-fachada","20":"product_tag-painel-de-madeira","21":"product_tag-painel-de-parede","22":"product_tag-painel-sanduiche","23":"product_tag-preco-pt-pt","24":"product_tag-remateria-pt-pt-2","25":"product_tag-sem-parafusos","26":"pa_anchodelpanel-largura-1-metro","27":"pa_colorexterior-branco-pirineu-ral-9010","28":"pa_colorinterior-branco-pirineu-ral-9010","29":"pa_espesordelachapa-ext-03-int-03-mm-pt-pt","30":"pa_espesorespuma-30-mm-pt-pt-2","31":"pa_espesorespuma-40-mm-pt-pt","32":"pa_espesorespuma-50-mm-pt-pt-3","33":"pa_espesorespuma-60-mm-pt-pt-2","34":"pa_medidas-metros-quadrados-m2","35":"pa_situacion-a-pedido","37":"first","38":"outofstock","39":"taxable","40":"shipping-taxable","41":"purchasable","42":"product-type-variable","43":"has-default-attributes"},"_links":{"self":[{"href":"https:\/\/panelsandwich.org\/pt-pt\/wp-json\/wp\/v2\/product\/66544","targetHints":{"allow":["GET"]}}],"collection":[{"href":"https:\/\/panelsandwich.org\/pt-pt\/wp-json\/wp\/v2\/product"}],"about":[{"href":"https:\/\/panelsandwich.org\/pt-pt\/wp-json\/wp\/v2\/types\/product"}],"replies":[{"embeddable":true,"href":"https:\/\/panelsandwich.org\/pt-pt\/wp-json\/wp\/v2\/comments?post=66544"}],"version-history":[{"count":0,"href":"https:\/\/panelsandwich.org\/pt-pt\/wp-json\/wp\/v2\/product\/66544\/revisions"}],"wp:featuredmedia":[{"embeddable":true,"href":"https:\/\/panelsandwich.org\/pt-pt\/wp-json\/wp\/v2\/media\/66545"}],"wp:attachment":[{"href":"https:\/\/panelsandwich.org\/pt-pt\/wp-json\/wp\/v2\/media?parent=66544"}],"wp:term":[{"taxonomy":"product_brand","embeddable":true,"href":"https:\/\/panelsandwich.org\/pt-pt\/wp-json\/wp\/v2\/product_brand?post=66544"},{"taxonomy":"product_cat","embeddable":true,"href":"https:\/\/panelsandwich.org\/pt-pt\/wp-json\/wp\/v2\/product_cat?post=66544"},{"taxonomy":"product_tag","embeddable":true,"href":"https:\/\/panelsandwich.org\/pt-pt\/wp-json\/wp\/v2\/product_tag?post=66544"}],"curies":[{"name":"wp","href":"https:\/\/api.w.org\/{rel}","templated":true}]}}