{"id":67718,"date":"2024-11-22T14:24:06","date_gmt":"2024-11-22T13:24:06","guid":{"rendered":"https:\/\/panelsandwich.org\/?post_type=product&#038;p=67718"},"modified":"2024-11-25T08:25:04","modified_gmt":"2024-11-25T07:25:04","slug":"painel-sanduiche-azulejo-vermelho-ral-8004-copia","status":"publish","type":"product","link":"https:\/\/panelsandwich.org\/pt-pt\/painel-sanduiche-azulejo-vermelho-ral-8004-copia\/","title":{"rendered":"Painel Sandu\u00edche &#8211; Marselha"},"content":{"rendered":"\t\t<div data-elementor-type=\"product-post\" data-elementor-id=\"67718\" class=\"elementor elementor-67718 elementor-67642\" data-elementor-post-type=\"product\">\n\t\t\t\t\t\t<section class=\"elementor-section elementor-top-section elementor-element elementor-element-95d0fe5 elementor-section-boxed elementor-section-height-default elementor-section-height-default\" data-id=\"95d0fe5\" data-element_type=\"section\" data-e-type=\"section\" data-settings=\"{&quot;jet_parallax_layout_list&quot;:[]}\">\n\t\t\t\t\t\t<div class=\"elementor-container elementor-column-gap-default\">\n\t\t\t\t\t<div class=\"elementor-column elementor-col-100 elementor-top-column elementor-element elementor-element-3e48f8c8\" data-id=\"3e48f8c8\" data-element_type=\"column\" data-e-type=\"column\">\n\t\t\t<div class=\"elementor-widget-wrap elementor-element-populated\">\n\t\t\t\t\t\t<div class=\"elementor-element elementor-element-6e713bb5 elementor-widget elementor-widget-heading\" data-id=\"6e713bb5\" data-element_type=\"widget\" data-e-type=\"widget\" data-widget_type=\"heading.default\">\n\t\t\t\t<div class=\"elementor-widget-container\">\n\t\t\t\t\t<h2 class=\"elementor-heading-title elementor-size-default\"><h2>Painel Sandu\u00edche - Marselha\n<\/h2><\/h2>\t\t\t\t<\/div>\n\t\t\t\t<\/div>\n\t\t\t\t<div class=\"elementor-element elementor-element-100660f8 elementor-widget elementor-widget-text-editor\" data-id=\"100660f8\" data-element_type=\"widget\" data-e-type=\"widget\" data-widget_type=\"text-editor.default\">\n\t\t\t\t<div class=\"elementor-widget-container\">\n\t\t\t\t\t\t\t\t\t<p>O <strong>painel sandu\u00edche de azulejos Marsella<\/strong> \u00e9 a solu\u00e7\u00e3o ideal para quem procura combinar a est\u00e9tica tradicional com a tecnologia moderna. Este painel imita na perfei\u00e7\u00e3o o aspeto da telha cl\u00e1ssica, oferecendo um acabamento elegante e r\u00fastico, mas com todas as vantagens do painel sandu\u00edche: excelente isolamento t\u00e9rmico, f\u00e1cil instala\u00e7\u00e3o e m\u00e1xima resist\u00eancia. Perfeito para coberturas de casas, alpendres ou p\u00e9rgulas, o painel de telha Marsella \u00e9 leve, dur\u00e1vel e garante prote\u00e7\u00e3o contra infiltra\u00e7\u00f5es e altera\u00e7\u00f5es clim\u00e1ticas. A tradi\u00e7\u00e3o nunca foi t\u00e3o eficiente!   <\/p>\n\t\t\t\t\t\t\t\t<\/div>\n\t\t\t\t<\/div>\n\t\t\t\t<div class=\"elementor-element elementor-element-3b65599a elementor-tabs-view-horizontal elementor-widget elementor-widget-tabs\" data-id=\"3b65599a\" data-element_type=\"widget\" data-e-type=\"widget\" data-widget_type=\"tabs.default\">\n\t\t\t\t<div class=\"elementor-widget-container\">\n\t\t\t\t\t\t\t<div class=\"elementor-tabs\">\n\t\t\t<div class=\"elementor-tabs-wrapper\" role=\"tablist\" >\n\t\t\t\t\t\t\t\t\t<div id=\"elementor-tab-title-9961\" class=\"elementor-tab-title elementor-tab-desktop-title\" aria-selected=\"true\" data-tab=\"1\" role=\"tab\" tabindex=\"0\" aria-controls=\"elementor-tab-content-9961\" aria-expanded=\"false\">Descri\u00e7\u00e3o\/Aplica\u00e7\u00e3o<\/div>\n\t\t\t\t\t\t\t\t\t<div id=\"elementor-tab-title-9962\" class=\"elementor-tab-title elementor-tab-desktop-title\" aria-selected=\"false\" data-tab=\"2\" role=\"tab\" tabindex=\"-1\" aria-controls=\"elementor-tab-content-9962\" aria-expanded=\"false\">Tabela de cargas<\/div>\n\t\t\t\t\t\t\t\t\t<div id=\"elementor-tab-title-9963\" class=\"elementor-tab-title elementor-tab-desktop-title\" aria-selected=\"false\" data-tab=\"3\" role=\"tab\" tabindex=\"-1\" aria-controls=\"elementor-tab-content-9963\" aria-expanded=\"false\">Cores dispon\u00edveis<\/div>\n\t\t\t\t\t\t\t\t\t<div id=\"elementor-tab-title-9964\" class=\"elementor-tab-title elementor-tab-desktop-title\" aria-selected=\"false\" data-tab=\"4\" role=\"tab\" tabindex=\"-1\" aria-controls=\"elementor-tab-content-9964\" aria-expanded=\"false\">Folhas de dados \/ Downloads<\/div>\n\t\t\t\t\t\t\t<\/div>\n\t\t\t<div class=\"elementor-tabs-content-wrapper\" role=\"tablist\" aria-orientation=\"vertical\">\n\t\t\t\t\t\t\t\t\t<div class=\"elementor-tab-title elementor-tab-mobile-title\" aria-selected=\"true\" data-tab=\"1\" role=\"tab\" tabindex=\"0\" aria-controls=\"elementor-tab-content-9961\" aria-expanded=\"false\">Descri\u00e7\u00e3o\/Aplica\u00e7\u00e3o<\/div>\n\t\t\t\t\t<div id=\"elementor-tab-content-9961\" class=\"elementor-tab-content elementor-clearfix\" data-tab=\"1\" role=\"tabpanel\" aria-labelledby=\"elementor-tab-title-9961\" tabindex=\"0\" hidden=\"false\"><h3><strong>Aplica-te:<\/strong><\/h3>\n<p>Envolventes de edif\u00edcios.<\/p>\n<h3><strong>Tipo de junta e parafusos:<\/strong><\/h3>\n<p>Tipo de junta: tipo de encaixe. O parafuso \u00e9 vis\u00edvel.<\/p>\n<p>Parafusos: Parafuso<span style=\"color: var( --e-global-color-text ); font-family: var( --e-global-typography-text-font-family ), Sans-serif; font-weight: var( --e-global-typography-text-font-weight ); font-size: 1rem;\">com anilha de borracha<\/span>.<\/p>\n<h3><strong><img fetchpriority=\"high\" decoding=\"async\" class=\"alignnone size-medium wp-image-67845\" src=\"https:\/\/panelsandwich.org\/wp-content\/uploads\/2024\/11\/Captura-300x295.jpg\" alt=\"|\" width=\"300\" height=\"295\" title=\"\" srcset=\"https:\/\/panelsandwich.org\/wp-content\/uploads\/2024\/11\/Captura-300x295.jpg 300w, https:\/\/panelsandwich.org\/wp-content\/uploads\/2024\/11\/Captura.jpg 600w\" sizes=\"(max-width: 300px) 100vw, 300px\" \/><\/strong><\/h3>\n<\/p>\n<h3><strong>Dimens\u00f5es:<\/strong><\/h3>\n<p>Espessuras: 40-60-80 mm \u00b12 mm<\/p>\n<p>Largura: 1000 mm \u00b12 mm<\/p>\n<p>Comprimento: 2,10 &#8211; 14,00 m, em m\u00faltiplos de 0,35 m<\/p>\n<p>Comprimento m\u00e1ximo recomendado: 8,05 m<\/p>\n<p><img decoding=\"async\" class=\"alignnone wp-image-67850 size-large lazyload\" data-src=\"https:\/\/panelsandwich.org\/wp-content\/uploads\/2024\/11\/Captura-1-1024x303.jpg\" alt=\"|\" width=\"1024\" height=\"303\" title=\"\" data-srcset=\"https:\/\/panelsandwich.org\/wp-content\/uploads\/2024\/11\/Captura-1-1024x303.jpg 1024w, https:\/\/panelsandwich.org\/wp-content\/uploads\/2024\/11\/Captura-1-300x89.jpg 300w, https:\/\/panelsandwich.org\/wp-content\/uploads\/2024\/11\/Captura-1-768x227.jpg 768w, https:\/\/panelsandwich.org\/wp-content\/uploads\/2024\/11\/Captura-1-1536x454.jpg 1536w, https:\/\/panelsandwich.org\/wp-content\/uploads\/2024\/11\/Captura-1.jpg 1673w\" data-sizes=\"(max-width: 1024px) 100vw, 1024px\" src=\"data:image\/svg+xml;base64,PHN2ZyB3aWR0aD0iMSIgaGVpZ2h0PSIxIiB4bWxucz0iaHR0cDovL3d3dy53My5vcmcvMjAwMC9zdmciPjwvc3ZnPg==\" style=\"--smush-placeholder-width: 1024px; --smush-placeholder-aspect-ratio: 1024\/303;\" \/>&nbsp;<\/p>\n<h3><strong>Suporte met\u00e1lico:<\/strong><\/h3>\n<p>Qualidade do n\u00facleo da chapa de a\u00e7o galvanizado S250GD: EN 10142<\/p>\n<p>Espessura: 0,4-0,5-0,6 mm<\/p>\n<h3><strong>N\u00facleo isolante:<\/strong><\/h3>\n<p>Poliuretano (PUR) | Poliisocianurato (PIR)<\/p>\n<p>Condutividade t\u00e9rmica: PUR: 0,022 W\/mK | PIR: 0,022 W\/mK Densidade: 40 kg\/m3 \u00b110% Densidade: 40 kg\/m3 \u00b110% Condutividade t\u00e9rmica: PUR: 0,022 W\/mK | PIR: 0,022 W\/mK<\/p>\n<p>Rea\u00e7\u00e3o ao fogo: PUR: B-s2,d0 | PIR: B-s2,d0 | PIR-HI: B-s1,d0<\/p>\n<p>Resist\u00eancia \u00e0 tra\u00e7\u00e3o das folhas (ader\u00eancia) &gt; 0,10 MPa<\/p>\n<p>Resist\u00eancia \u00e0 compress\u00e3o a 10% de deforma\u00e7\u00e3o &gt; 0,10 MPa<\/p>\n<h3><strong>Revestimento:<\/strong><\/h3>\n<p>Padr\u00e3o: Tinta de poli\u00e9ster texturizada 25 \u00b5m<\/p>\n<p>Especiais: Granito HDX 55 \u00b5m | PVC 180 \u00b5m cor de madeira texturado para o lado interior<\/p>\n<\/div>\n\t\t\t\t\t\t\t\t\t<div class=\"elementor-tab-title elementor-tab-mobile-title\" aria-selected=\"false\" data-tab=\"2\" role=\"tab\" tabindex=\"-1\" aria-controls=\"elementor-tab-content-9962\" aria-expanded=\"false\">Tabela de cargas<\/div>\n\t\t\t\t\t<div id=\"elementor-tab-content-9962\" class=\"elementor-tab-content elementor-clearfix\" data-tab=\"2\" role=\"tabpanel\" aria-labelledby=\"elementor-tab-title-9962\" tabindex=\"0\" hidden=\"hidden\"><h2><strong style=\"color: var( --e-global-color-text ); font-family: var( --e-global-typography-text-font-family ), Sans-serif; font-size: 1rem;\"><img decoding=\"async\" class=\"size-full wp-image-30855 lazyload\" data-src=\"https:\/\/panelsandwich.org\/wp-content\/uploads\/2017\/12\/cms_TEJA_cargas1.JPG\" alt=\"|\" width=\"100%\" title=\"\" data-srcset=\"https:\/\/panelsandwich.org\/wp-content\/uploads\/2017\/12\/cms_TEJA_cargas1.JPG 1376w, https:\/\/panelsandwich.org\/wp-content\/uploads\/2017\/12\/cms_TEJA_cargas1-300x135.jpg 300w, https:\/\/panelsandwich.org\/wp-content\/uploads\/2017\/12\/cms_TEJA_cargas1-1024x461.jpg 1024w, https:\/\/panelsandwich.org\/wp-content\/uploads\/2017\/12\/cms_TEJA_cargas1-768x346.jpg 768w, https:\/\/panelsandwich.org\/wp-content\/uploads\/2017\/12\/cms_TEJA_cargas1-600x270.jpg 600w\" data-sizes=\"(max-width: 1376px) 100vw, 1376px\" src=\"data:image\/svg+xml;base64,PHN2ZyB3aWR0aD0iMSIgaGVpZ2h0PSIxIiB4bWxucz0iaHR0cDovL3d3dy53My5vcmcvMjAwMC9zdmciPjwvc3ZnPg==\" style=\"--smush-placeholder-width: 1376px; --smush-placeholder-aspect-ratio: 1376\/620;\" \/><\/strong><\/h2>\n<p><strong><img decoding=\"async\" class=\"size-full wp-image-30856 lazyload\" data-src=\"https:\/\/panelsandwich.org\/wp-content\/uploads\/2017\/12\/cms_TEJA_cargas2.JPG\" alt=\"|\" width=\"100%\" title=\"\" data-srcset=\"https:\/\/panelsandwich.org\/wp-content\/uploads\/2017\/12\/cms_TEJA_cargas2.JPG 1364w, https:\/\/panelsandwich.org\/wp-content\/uploads\/2017\/12\/cms_TEJA_cargas2-300x132.jpg 300w, https:\/\/panelsandwich.org\/wp-content\/uploads\/2017\/12\/cms_TEJA_cargas2-1024x450.jpg 1024w, https:\/\/panelsandwich.org\/wp-content\/uploads\/2017\/12\/cms_TEJA_cargas2-768x338.jpg 768w, https:\/\/panelsandwich.org\/wp-content\/uploads\/2017\/12\/cms_TEJA_cargas2-600x264.jpg 600w\" data-sizes=\"(max-width: 1364px) 100vw, 1364px\" src=\"data:image\/svg+xml;base64,PHN2ZyB3aWR0aD0iMSIgaGVpZ2h0PSIxIiB4bWxucz0iaHR0cDovL3d3dy53My5vcmcvMjAwMC9zdmciPjwvc3ZnPg==\" style=\"--smush-placeholder-width: 1364px; --smush-placeholder-aspect-ratio: 1364\/600;\" \/><\/strong><\/p>\n<p><strong><img decoding=\"async\" class=\"size-full wp-image-30857 lazyload\" data-src=\"https:\/\/panelsandwich.org\/wp-content\/uploads\/2017\/12\/cms_TEJA_cargas3.JPG\" alt=\"|\" width=\"100%\" title=\"\" data-srcset=\"https:\/\/panelsandwich.org\/wp-content\/uploads\/2017\/12\/cms_TEJA_cargas3.JPG 1366w, https:\/\/panelsandwich.org\/wp-content\/uploads\/2017\/12\/cms_TEJA_cargas3-300x60.jpg 300w, https:\/\/panelsandwich.org\/wp-content\/uploads\/2017\/12\/cms_TEJA_cargas3-1024x205.jpg 1024w, https:\/\/panelsandwich.org\/wp-content\/uploads\/2017\/12\/cms_TEJA_cargas3-768x154.jpg 768w, https:\/\/panelsandwich.org\/wp-content\/uploads\/2017\/12\/cms_TEJA_cargas3-600x120.jpg 600w\" data-sizes=\"(max-width: 1366px) 100vw, 1366px\" src=\"data:image\/svg+xml;base64,PHN2ZyB3aWR0aD0iMSIgaGVpZ2h0PSIxIiB4bWxucz0iaHR0cDovL3d3dy53My5vcmcvMjAwMC9zdmciPjwvc3ZnPg==\" style=\"--smush-placeholder-width: 1366px; --smush-placeholder-aspect-ratio: 1366\/274;\" \/><\/strong><\/p>\n<\/div>\n\t\t\t\t\t\t\t\t\t<div class=\"elementor-tab-title elementor-tab-mobile-title\" aria-selected=\"false\" data-tab=\"3\" role=\"tab\" tabindex=\"-1\" aria-controls=\"elementor-tab-content-9963\" aria-expanded=\"false\">Cores dispon\u00edveis<\/div>\n\t\t\t\t\t<div id=\"elementor-tab-content-9963\" class=\"elementor-tab-content elementor-clearfix\" data-tab=\"3\" role=\"tabpanel\" aria-labelledby=\"elementor-tab-title-9963\" tabindex=\"0\" hidden=\"hidden\"><h3 style=\"font-family: Roboto, sans-serif; color: #7a7a7a;\"><span style=\"font-weight: bolder;\">Gama de cores<\/span><\/h3>\n<p style=\"font-size: 16px;\">As cores apresentadas no cat\u00e1logo correspondem aos nossos padr\u00f5es de forma t\u00e3o exacta quanto poss\u00edvel. No entanto, as pequenas altera\u00e7\u00f5es s\u00e3o inevit\u00e1veis, raz\u00e3o pela qual recomendamos que efectues sempre um teste de cor numa amostra real.<\/p>\n<p style=\"font-size: 16px;\"><img decoding=\"async\" class=\"size-full wp-image-30858 aligncenter lazyload\" data-src=\"https:\/\/panelsandwich.org\/wp-content\/uploads\/2017\/12\/cms_TEJA_colores.JPG\" alt=\"|\" width=\"50%\" title=\"\" data-srcset=\"https:\/\/panelsandwich.org\/wp-content\/uploads\/2017\/12\/cms_TEJA_colores.JPG 648w, https:\/\/panelsandwich.org\/wp-content\/uploads\/2017\/12\/cms_TEJA_colores-284x300.jpg 284w, https:\/\/panelsandwich.org\/wp-content\/uploads\/2017\/12\/cms_TEJA_colores-600x633.jpg 600w\" data-sizes=\"(max-width: 648px) 100vw, 648px\" src=\"data:image\/svg+xml;base64,PHN2ZyB3aWR0aD0iMSIgaGVpZ2h0PSIxIiB4bWxucz0iaHR0cDovL3d3dy53My5vcmcvMjAwMC9zdmciPjwvc3ZnPg==\" style=\"--smush-placeholder-width: 648px; --smush-placeholder-aspect-ratio: 648\/684;\" \/><\/p>\n<\/div>\n\t\t\t\t\t\t\t\t\t<div class=\"elementor-tab-title elementor-tab-mobile-title\" aria-selected=\"false\" data-tab=\"4\" role=\"tab\" tabindex=\"-1\" aria-controls=\"elementor-tab-content-9964\" aria-expanded=\"false\">Folhas de dados \/ Downloads<\/div>\n\t\t\t\t\t<div id=\"elementor-tab-content-9964\" class=\"elementor-tab-content elementor-clearfix\" data-tab=\"4\" role=\"tabpanel\" aria-labelledby=\"elementor-tab-title-9964\" tabindex=\"0\" hidden=\"hidden\"><p><a href=\"https:\/\/panelsandwich.org\/wp-content\/uploads\/2024\/11\/Panel-Sandwich-Imitacion-Teja-Marsella-PanelSandwichORG.pdf\" target=\"_blank\" rel=\"noopener\"><button style=\"background-color: #ffa300; border-color: black; color: white;\" spellcheck=\"false\" data-lt-tmp-id=\"lt-827558\" data-gramm=\"false\">Descarrega a ficha t\u00e9cnica<\/button><\/a><\/p>\n<\/div>\n\t\t\t\t\t\t\t<\/div>\n\t\t<\/div>\n\t\t\t\t\t\t<\/div>\n\t\t\t\t<\/div>\n\t\t\t\t\t<\/div>\n\t\t<\/div>\n\t\t\t\t\t<\/div>\n\t\t<\/section>\n\t\t\t\t<\/div>\n\t\t","protected":false},"excerpt":{"rendered":"<p>Telha Sandu\u00edche de Marselha: A Melhor Op\u00e7\u00e3o de Cobertura<\/p>\n","protected":false},"featured_media":67741,"comment_status":"closed","ping_status":"closed","template":"","meta":[],"product_brand":[],"product_cat":[3749],"product_tag":[3800,3798,3754,3799,3753,3757],"class_list":{"0":"post-67718","1":"product","2":"type-product","3":"status-publish","4":"has-post-thumbnail","6":"product_cat-painel-sanduiche-de-azulejos","7":"product_tag-estrutura-metal","8":"product_tag-painel","9":"product_tag-painel-de-azulejos","10":"product_tag-painel-de-imitacao-de-azulejos","11":"product_tag-painel-sanduiche","12":"product_tag-sem-parafusos","13":"pa_colorexterior-azulejo-ral-3009","14":"pa_colorinterior-branco-pirineu-ral-9010","15":"pa_colorinterior-glulam-pt-pt","16":"pa_espesorespuma-3-cm-7-cm-espessura-media-de-5-cm","17":"pa_espesorespuma-4-cm-8-cm-espessura-media-6-cm","18":"pa_espesorespuma-5-cm-9-cm-espessura-media-de-7-cm","19":"pa_tipoaislamiento-espuma-de-poliuretano-b-s2-d0","20":"pa_tipoaislamiento-espuma-de-poliuretano-c-s3-d0","21":"pa_tipoaislamiento-espuma-pir-hi-b-s1-d0-pt-pt","23":"first","24":"outofstock","25":"taxable","26":"shipping-taxable","27":"purchasable","28":"product-type-variable","29":"has-default-attributes"},"_links":{"self":[{"href":"https:\/\/panelsandwich.org\/pt-pt\/wp-json\/wp\/v2\/product\/67718","targetHints":{"allow":["GET"]}}],"collection":[{"href":"https:\/\/panelsandwich.org\/pt-pt\/wp-json\/wp\/v2\/product"}],"about":[{"href":"https:\/\/panelsandwich.org\/pt-pt\/wp-json\/wp\/v2\/types\/product"}],"replies":[{"embeddable":true,"href":"https:\/\/panelsandwich.org\/pt-pt\/wp-json\/wp\/v2\/comments?post=67718"}],"version-history":[{"count":0,"href":"https:\/\/panelsandwich.org\/pt-pt\/wp-json\/wp\/v2\/product\/67718\/revisions"}],"wp:featuredmedia":[{"embeddable":true,"href":"https:\/\/panelsandwich.org\/pt-pt\/wp-json\/wp\/v2\/media\/67741"}],"wp:attachment":[{"href":"https:\/\/panelsandwich.org\/pt-pt\/wp-json\/wp\/v2\/media?parent=67718"}],"wp:term":[{"taxonomy":"product_brand","embeddable":true,"href":"https:\/\/panelsandwich.org\/pt-pt\/wp-json\/wp\/v2\/product_brand?post=67718"},{"taxonomy":"product_cat","embeddable":true,"href":"https:\/\/panelsandwich.org\/pt-pt\/wp-json\/wp\/v2\/product_cat?post=67718"},{"taxonomy":"product_tag","embeddable":true,"href":"https:\/\/panelsandwich.org\/pt-pt\/wp-json\/wp\/v2\/product_tag?post=67718"}],"curies":[{"name":"wp","href":"https:\/\/api.w.org\/{rel}","templated":true}]}}